{"id":4570,"date":"2019-08-06T22:15:20","date_gmt":"2019-08-06T20:15:20","guid":{"rendered":"http:\/\/lystfiskerforening.dk\/?page_id=4570"},"modified":"2025-02-16T22:43:25","modified_gmt":"2025-02-16T21:43:25","slug":"registrer-fangst","status":"publish","type":"page","link":"https:\/\/lystfiskerforening.dk\/?page_id=4570","title":{"rendered":"Registrer Fangst"},"content":{"rendered":"<p>Her kan du registrer din fisketur med eller uden fangst.<br \/>Data\u00b4en vil blive indsamlet ved DTU Aqua med henblik p\u00e5 forskning.<\/p>\n<p>Hvis du registrer en fangst vil den komme p\u00e5 vores fangstlister, som \u00e5rligt ses efter og udl\u00f8ser pr\u00e6mier p\u00e5 den \u00e5rlige generalforsamling.<\/p>\n<p>Kn\u00e6k &amp; Br\u00e6k<\/p>\n\n\n<div style=\"height:45px\" aria-hidden=\"true\" class=\"wp-block-spacer\"><\/div>\n\n\n\n<iframe loading=\"lazy\" src=\"https:\/\/fangstjournalen.dtu.dk\/fangst.nsf\/extEntry.xsp?open&#038;club=E0FC37898F0E9236C1257C2000780959\" width=\"800\" height=\"1200\"><\/iframe>\n","protected":false},"excerpt":{"rendered":"<p>Her kan du registrer din fisketur med eller uden fangst.Data\u00b4en vil blive indsamlet ved DTU Aqua med henblik p\u00e5 forskning. Hvis du registrer en fangst vil den komme p\u00e5 vores fangstlister, som \u00e5rligt ses efter og udl\u00f8ser pr\u00e6mier p\u00e5 den \u00e5rlige generalforsamling. Kn\u00e6k &amp; Br\u00e6k<\/p>\n","protected":false},"author":1,"featured_media":0,"parent":0,"menu_order":0,"comment_status":"closed","ping_status":"closed","template":"","meta":{"footnotes":""},"class_list":["post-4570","page","type-page","status-publish","hentry"],"yoast_head":"<!-- This site is optimized with the Yoast SEO plugin v27.5 - https:\/\/yoast.com\/product\/yoast-seo-wordpress\/ -->\n<title>Registrer Fangst - Odder Sportsfiskerforening<\/title>\n<meta name=\"robots\" content=\"index, follow, max-snippet:-1, max-image-preview:large, max-video-preview:-1\" \/>\n<link rel=\"canonical\" href=\"https:\/\/lystfiskerforening.dk\/?page_id=4570\" \/>\n<meta property=\"og:locale\" content=\"da_DK\" \/>\n<meta property=\"og:type\" content=\"article\" \/>\n<meta property=\"og:title\" content=\"Registrer Fangst - Odder Sportsfiskerforening\" \/>\n<meta property=\"og:description\" content=\"Her kan du registrer din fisketur med eller uden fangst.Data\u00b4en vil blive indsamlet ved DTU Aqua med henblik p\u00e5 forskning. Hvis du registrer en fangst vil den komme p\u00e5 vores fangstlister, som \u00e5rligt ses efter og udl\u00f8ser pr\u00e6mier p\u00e5 den \u00e5rlige generalforsamling. Kn\u00e6k &amp; Br\u00e6k\" \/>\n<meta property=\"og:url\" content=\"https:\/\/lystfiskerforening.dk\/?page_id=4570\" \/>\n<meta property=\"og:site_name\" content=\"Odder Sportsfiskerforening\" \/>\n<meta property=\"article:publisher\" content=\"https:\/\/www.facebook.com\/odderfisker\/\" \/>\n<meta property=\"article:modified_time\" content=\"2025-02-16T21:43:25+00:00\" \/>\n<meta name=\"twitter:card\" content=\"summary_large_image\" \/>\n<meta name=\"twitter:label1\" content=\"Estimeret l\u00e6setid\" \/>\n\t<meta name=\"twitter:data1\" content=\"1 minut\" \/>\n<script type=\"application\/ld+json\" class=\"yoast-schema-graph\">{\"@context\":\"https:\\\/\\\/schema.org\",\"@graph\":[{\"@type\":\"WebPage\",\"@id\":\"https:\\\/\\\/lystfiskerforening.dk\\\/?page_id=4570\",\"url\":\"https:\\\/\\\/lystfiskerforening.dk\\\/?page_id=4570\",\"name\":\"Registrer Fangst - Odder Sportsfiskerforening\",\"isPartOf\":{\"@id\":\"https:\\\/\\\/lystfiskerforening.dk\\\/#website\"},\"datePublished\":\"2019-08-06T20:15:20+00:00\",\"dateModified\":\"2025-02-16T21:43:25+00:00\",\"breadcrumb\":{\"@id\":\"https:\\\/\\\/lystfiskerforening.dk\\\/?page_id=4570#breadcrumb\"},\"inLanguage\":\"da-DK\",\"potentialAction\":[{\"@type\":\"ReadAction\",\"target\":[\"https:\\\/\\\/lystfiskerforening.dk\\\/?page_id=4570\"]}]},{\"@type\":\"BreadcrumbList\",\"@id\":\"https:\\\/\\\/lystfiskerforening.dk\\\/?page_id=4570#breadcrumb\",\"itemListElement\":[{\"@type\":\"ListItem\",\"position\":1,\"name\":\"Hjem\",\"item\":\"https:\\\/\\\/lystfiskerforening.dk\\\/\"},{\"@type\":\"ListItem\",\"position\":2,\"name\":\"Registrer Fangst\"}]},{\"@type\":\"WebSite\",\"@id\":\"https:\\\/\\\/lystfiskerforening.dk\\\/#website\",\"url\":\"https:\\\/\\\/lystfiskerforening.dk\\\/\",\"name\":\"Odder Sportsfiskerforening\",\"description\":\"Stiftet i 1945\",\"potentialAction\":[{\"@type\":\"SearchAction\",\"target\":{\"@type\":\"EntryPoint\",\"urlTemplate\":\"https:\\\/\\\/lystfiskerforening.dk\\\/?s={search_term_string}\"},\"query-input\":{\"@type\":\"PropertyValueSpecification\",\"valueRequired\":true,\"valueName\":\"search_term_string\"}}],\"inLanguage\":\"da-DK\"}]}<\/script>\n<!-- \/ Yoast SEO plugin. -->","yoast_head_json":{"title":"Registrer Fangst - Odder Sportsfiskerforening","robots":{"index":"index","follow":"follow","max-snippet":"max-snippet:-1","max-image-preview":"max-image-preview:large","max-video-preview":"max-video-preview:-1"},"canonical":"https:\/\/lystfiskerforening.dk\/?page_id=4570","og_locale":"da_DK","og_type":"article","og_title":"Registrer Fangst - Odder Sportsfiskerforening","og_description":"Her kan du registrer din fisketur med eller uden fangst.Data\u00b4en vil blive indsamlet ved DTU Aqua med henblik p\u00e5 forskning. Hvis du registrer en fangst vil den komme p\u00e5 vores fangstlister, som \u00e5rligt ses efter og udl\u00f8ser pr\u00e6mier p\u00e5 den \u00e5rlige generalforsamling. Kn\u00e6k &amp; Br\u00e6k","og_url":"https:\/\/lystfiskerforening.dk\/?page_id=4570","og_site_name":"Odder Sportsfiskerforening","article_publisher":"https:\/\/www.facebook.com\/odderfisker\/","article_modified_time":"2025-02-16T21:43:25+00:00","twitter_card":"summary_large_image","twitter_misc":{"Estimeret l\u00e6setid":"1 minut"},"schema":{"@context":"https:\/\/schema.org","@graph":[{"@type":"WebPage","@id":"https:\/\/lystfiskerforening.dk\/?page_id=4570","url":"https:\/\/lystfiskerforening.dk\/?page_id=4570","name":"Registrer Fangst - Odder Sportsfiskerforening","isPartOf":{"@id":"https:\/\/lystfiskerforening.dk\/#website"},"datePublished":"2019-08-06T20:15:20+00:00","dateModified":"2025-02-16T21:43:25+00:00","breadcrumb":{"@id":"https:\/\/lystfiskerforening.dk\/?page_id=4570#breadcrumb"},"inLanguage":"da-DK","potentialAction":[{"@type":"ReadAction","target":["https:\/\/lystfiskerforening.dk\/?page_id=4570"]}]},{"@type":"BreadcrumbList","@id":"https:\/\/lystfiskerforening.dk\/?page_id=4570#breadcrumb","itemListElement":[{"@type":"ListItem","position":1,"name":"Hjem","item":"https:\/\/lystfiskerforening.dk\/"},{"@type":"ListItem","position":2,"name":"Registrer Fangst"}]},{"@type":"WebSite","@id":"https:\/\/lystfiskerforening.dk\/#website","url":"https:\/\/lystfiskerforening.dk\/","name":"Odder Sportsfiskerforening","description":"Stiftet i 1945","potentialAction":[{"@type":"SearchAction","target":{"@type":"EntryPoint","urlTemplate":"https:\/\/lystfiskerforening.dk\/?s={search_term_string}"},"query-input":{"@type":"PropertyValueSpecification","valueRequired":true,"valueName":"search_term_string"}}],"inLanguage":"da-DK"}]}},"_links":{"self":[{"href":"https:\/\/lystfiskerforening.dk\/index.php?rest_route=\/wp\/v2\/pages\/4570","targetHints":{"allow":["GET"]}}],"collection":[{"href":"https:\/\/lystfiskerforening.dk\/index.php?rest_route=\/wp\/v2\/pages"}],"about":[{"href":"https:\/\/lystfiskerforening.dk\/index.php?rest_route=\/wp\/v2\/types\/page"}],"author":[{"embeddable":true,"href":"https:\/\/lystfiskerforening.dk\/index.php?rest_route=\/wp\/v2\/users\/1"}],"replies":[{"embeddable":true,"href":"https:\/\/lystfiskerforening.dk\/index.php?rest_route=%2Fwp%2Fv2%2Fcomments&post=4570"}],"version-history":[{"count":4,"href":"https:\/\/lystfiskerforening.dk\/index.php?rest_route=\/wp\/v2\/pages\/4570\/revisions"}],"predecessor-version":[{"id":19529,"href":"https:\/\/lystfiskerforening.dk\/index.php?rest_route=\/wp\/v2\/pages\/4570\/revisions\/19529"}],"wp:attachment":[{"href":"https:\/\/lystfiskerforening.dk\/index.php?rest_route=%2Fwp%2Fv2%2Fmedia&parent=4570"}],"curies":[{"name":"wp","href":"https:\/\/api.w.org\/{rel}","templated":true}]}}