{"id":238,"date":"2017-11-20T22:54:13","date_gmt":"2017-11-20T21:54:13","guid":{"rendered":"http:\/\/lystfiskerforening.dk\/?page_id=238"},"modified":"2017-11-20T22:54:13","modified_gmt":"2017-11-20T21:54:13","slug":"projekter","status":"publish","type":"page","link":"https:\/\/lystfiskerforening.dk\/?page_id=238","title":{"rendered":"Projekter"},"content":{"rendered":"<figure id=\"attachment_220\" aria-describedby=\"caption-attachment-220\" style=\"width: 720px\" class=\"wp-caption aligncenter\"><a href=\"https:\/\/lystfiskerforening.dk\/wp-content\/uploads\/2017\/11\/219_image_22829192_10155824333747380_6750569342675920396_o.jpg\"><img loading=\"lazy\" decoding=\"async\" class=\"size-full wp-image-220\" src=\"https:\/\/lystfiskerforening.dk\/wp-content\/uploads\/2017\/11\/219_image_22829192_10155824333747380_6750569342675920396_o.jpg\" alt=\"\" width=\"720\" height=\"405\" srcset=\"https:\/\/lystfiskerforening.dk\/wp-content\/uploads\/2017\/11\/219_image_22829192_10155824333747380_6750569342675920396_o.jpg 720w, https:\/\/lystfiskerforening.dk\/wp-content\/uploads\/2017\/11\/219_image_22829192_10155824333747380_6750569342675920396_o-300x169.jpg 300w, https:\/\/lystfiskerforening.dk\/wp-content\/uploads\/2017\/11\/219_image_22829192_10155824333747380_6750569342675920396_o-700x394.jpg 700w, https:\/\/lystfiskerforening.dk\/wp-content\/uploads\/2017\/11\/219_image_22829192_10155824333747380_6750569342675920396_o-410x231.jpg 410w, https:\/\/lystfiskerforening.dk\/wp-content\/uploads\/2017\/11\/219_image_22829192_10155824333747380_6750569342675920396_o-100x56.jpg 100w, https:\/\/lystfiskerforening.dk\/wp-content\/uploads\/2017\/11\/219_image_22829192_10155824333747380_6750569342675920396_o-275x155.jpg 275w\" sizes=\"auto, (max-width: 720px) 100vw, 720px\" \/><\/a><figcaption id=\"caption-attachment-220\" class=\"wp-caption-text\">Gydebanker &#8211; Kirkestien i Odder By &#8211; anlagt 2016<\/figcaption><\/figure>\n<p>&nbsp;<\/p>\n<h5><strong>Vandpleje<\/strong><\/h5>\n<p>Odder Sportsfiskerforening interesserer og engagerer sig i vandpleje. Derfor sker det fra tid til anden, at vi laver vandplejeprojekter. Sommetider er det store projekter, som kr\u00e6ver masser af planl\u00e6gning og papirarbejde, som f.eks at anl\u00e6gge gydebanker rundt omkring i vores kommunevand. Andre gange er det mindre impulsive projekter, som kan vare alt fra 30min-et par timer.<\/p>\n<p>Alt i alt laver vi disse projekter for at forbedre bestanden af vilde hav\u00f8rreder i Odder \u00c5\u00a0 &#8211; b\u00e5de s\u00e5 der naturligt kan produceres flere, leve mere yngel i \u00e5en. Men i s\u00e6rdeleshed ogs\u00e5 for, at de overhovedet kan komme frem til gydevandet og gyde.<\/p>\n<p>&nbsp;<\/p>\n<h5><strong>Vores vandpleje projekter kan v\u00e6re alt inden for disse rammer:<\/strong><\/h5>\n<ul>\n<li>Gydebanker<\/li>\n<li>Fjerne sp\u00e6rringer<\/li>\n<li>Opsamle affald (d\u00e5ser, poser og alt &#8220;godt&#8221; fra et bymilj\u00f8)<\/li>\n<\/ul>\n<p>&nbsp;<\/p>\n<h5><strong>Samarbejde<\/strong><\/h5>\n<p>Mange af disse projekter er kun mulige fordi, at vi form\u00e5r at samarbejde t\u00e6t sammen med lodsejere og kommunen.<\/p>\n<p>Derudover deltager vi ogs\u00e5 i det lokale samarbejde der er i gruppen &#8220;Vandstjernerne&#8221;, som er en lokal gruppe af Vandpleje-entusiaster. Hvor flere en 100+ personer har meldt sig under fanen til, at give den en skalle for at vores vandl\u00f8b her i \u00d8stjylland ligger i blandt de allerbedste i hele landet p\u00e5 mange forskellige barometer.<\/p>\n","protected":false},"excerpt":{"rendered":"<p>&nbsp; Vandpleje Odder Sportsfiskerforening interesserer og engagerer sig i vandpleje. Derfor sker det fra tid til anden, at vi laver vandplejeprojekter. Sommetider er det store projekter, som kr\u00e6ver masser af planl\u00e6gning og papirarbejde, som f.eks at anl\u00e6gge gydebanker rundt omkring i vores kommunevand. Andre gange er det mindre impulsive projekter, som kan vare alt fra [&hellip;]<\/p>\n","protected":false},"author":1,"featured_media":220,"parent":0,"menu_order":0,"comment_status":"closed","ping_status":"closed","template":"","meta":{"footnotes":""},"class_list":["post-238","page","type-page","status-publish","has-post-thumbnail","hentry"],"yoast_head":"<!-- This site is optimized with the Yoast SEO plugin v27.5 - https:\/\/yoast.com\/product\/yoast-seo-wordpress\/ -->\n<title>Projekter - Odder Sportsfiskerforening<\/title>\n<meta name=\"robots\" content=\"index, follow, max-snippet:-1, max-image-preview:large, max-video-preview:-1\" \/>\n<link rel=\"canonical\" href=\"https:\/\/lystfiskerforening.dk\/?page_id=238\" \/>\n<meta property=\"og:locale\" content=\"da_DK\" \/>\n<meta property=\"og:type\" content=\"article\" \/>\n<meta property=\"og:title\" content=\"Projekter - Odder Sportsfiskerforening\" \/>\n<meta property=\"og:description\" content=\"&nbsp; Vandpleje Odder Sportsfiskerforening interesserer og engagerer sig i vandpleje. Derfor sker det fra tid til anden, at vi laver vandplejeprojekter. Sommetider er det store projekter, som kr\u00e6ver masser af planl\u00e6gning og papirarbejde, som f.eks at anl\u00e6gge gydebanker rundt omkring i vores kommunevand. Andre gange er det mindre impulsive projekter, som kan vare alt fra [&hellip;]\" \/>\n<meta property=\"og:url\" content=\"https:\/\/lystfiskerforening.dk\/?page_id=238\" \/>\n<meta property=\"og:site_name\" content=\"Odder Sportsfiskerforening\" \/>\n<meta property=\"article:publisher\" content=\"https:\/\/www.facebook.com\/odderfisker\/\" \/>\n<meta property=\"og:image\" content=\"https:\/\/lystfiskerforening.dk\/wp-content\/uploads\/2017\/11\/219_image_22829192_10155824333747380_6750569342675920396_o.jpg\" \/>\n\t<meta property=\"og:image:width\" content=\"720\" \/>\n\t<meta property=\"og:image:height\" content=\"405\" \/>\n\t<meta property=\"og:image:type\" content=\"image\/jpeg\" \/>\n<meta name=\"twitter:card\" content=\"summary_large_image\" \/>\n<meta name=\"twitter:label1\" content=\"Estimeret l\u00e6setid\" \/>\n\t<meta name=\"twitter:data1\" content=\"1 minut\" \/>\n<script type=\"application\/ld+json\" class=\"yoast-schema-graph\">{\"@context\":\"https:\\\/\\\/schema.org\",\"@graph\":[{\"@type\":\"WebPage\",\"@id\":\"https:\\\/\\\/lystfiskerforening.dk\\\/?page_id=238\",\"url\":\"https:\\\/\\\/lystfiskerforening.dk\\\/?page_id=238\",\"name\":\"Projekter - Odder Sportsfiskerforening\",\"isPartOf\":{\"@id\":\"https:\\\/\\\/lystfiskerforening.dk\\\/#website\"},\"primaryImageOfPage\":{\"@id\":\"https:\\\/\\\/lystfiskerforening.dk\\\/?page_id=238#primaryimage\"},\"image\":{\"@id\":\"https:\\\/\\\/lystfiskerforening.dk\\\/?page_id=238#primaryimage\"},\"thumbnailUrl\":\"https:\\\/\\\/lystfiskerforening.dk\\\/wp-content\\\/uploads\\\/2017\\\/11\\\/219_image_22829192_10155824333747380_6750569342675920396_o.jpg\",\"datePublished\":\"2017-11-20T21:54:13+00:00\",\"breadcrumb\":{\"@id\":\"https:\\\/\\\/lystfiskerforening.dk\\\/?page_id=238#breadcrumb\"},\"inLanguage\":\"da-DK\",\"potentialAction\":[{\"@type\":\"ReadAction\",\"target\":[\"https:\\\/\\\/lystfiskerforening.dk\\\/?page_id=238\"]}]},{\"@type\":\"ImageObject\",\"inLanguage\":\"da-DK\",\"@id\":\"https:\\\/\\\/lystfiskerforening.dk\\\/?page_id=238#primaryimage\",\"url\":\"https:\\\/\\\/lystfiskerforening.dk\\\/wp-content\\\/uploads\\\/2017\\\/11\\\/219_image_22829192_10155824333747380_6750569342675920396_o.jpg\",\"contentUrl\":\"https:\\\/\\\/lystfiskerforening.dk\\\/wp-content\\\/uploads\\\/2017\\\/11\\\/219_image_22829192_10155824333747380_6750569342675920396_o.jpg\",\"width\":720,\"height\":405,\"caption\":\"Gydebanker - Kirkestien i Odder By - anlagt 2016\"},{\"@type\":\"BreadcrumbList\",\"@id\":\"https:\\\/\\\/lystfiskerforening.dk\\\/?page_id=238#breadcrumb\",\"itemListElement\":[{\"@type\":\"ListItem\",\"position\":1,\"name\":\"Hjem\",\"item\":\"https:\\\/\\\/lystfiskerforening.dk\\\/\"},{\"@type\":\"ListItem\",\"position\":2,\"name\":\"Projekter\"}]},{\"@type\":\"WebSite\",\"@id\":\"https:\\\/\\\/lystfiskerforening.dk\\\/#website\",\"url\":\"https:\\\/\\\/lystfiskerforening.dk\\\/\",\"name\":\"Odder Sportsfiskerforening\",\"description\":\"Stiftet i 1945\",\"potentialAction\":[{\"@type\":\"SearchAction\",\"target\":{\"@type\":\"EntryPoint\",\"urlTemplate\":\"https:\\\/\\\/lystfiskerforening.dk\\\/?s={search_term_string}\"},\"query-input\":{\"@type\":\"PropertyValueSpecification\",\"valueRequired\":true,\"valueName\":\"search_term_string\"}}],\"inLanguage\":\"da-DK\"}]}<\/script>\n<!-- \/ Yoast SEO plugin. -->","yoast_head_json":{"title":"Projekter - Odder Sportsfiskerforening","robots":{"index":"index","follow":"follow","max-snippet":"max-snippet:-1","max-image-preview":"max-image-preview:large","max-video-preview":"max-video-preview:-1"},"canonical":"https:\/\/lystfiskerforening.dk\/?page_id=238","og_locale":"da_DK","og_type":"article","og_title":"Projekter - Odder Sportsfiskerforening","og_description":"&nbsp; Vandpleje Odder Sportsfiskerforening interesserer og engagerer sig i vandpleje. Derfor sker det fra tid til anden, at vi laver vandplejeprojekter. Sommetider er det store projekter, som kr\u00e6ver masser af planl\u00e6gning og papirarbejde, som f.eks at anl\u00e6gge gydebanker rundt omkring i vores kommunevand. Andre gange er det mindre impulsive projekter, som kan vare alt fra [&hellip;]","og_url":"https:\/\/lystfiskerforening.dk\/?page_id=238","og_site_name":"Odder Sportsfiskerforening","article_publisher":"https:\/\/www.facebook.com\/odderfisker\/","og_image":[{"width":720,"height":405,"url":"https:\/\/lystfiskerforening.dk\/wp-content\/uploads\/2017\/11\/219_image_22829192_10155824333747380_6750569342675920396_o.jpg","type":"image\/jpeg"}],"twitter_card":"summary_large_image","twitter_misc":{"Estimeret l\u00e6setid":"1 minut"},"schema":{"@context":"https:\/\/schema.org","@graph":[{"@type":"WebPage","@id":"https:\/\/lystfiskerforening.dk\/?page_id=238","url":"https:\/\/lystfiskerforening.dk\/?page_id=238","name":"Projekter - Odder Sportsfiskerforening","isPartOf":{"@id":"https:\/\/lystfiskerforening.dk\/#website"},"primaryImageOfPage":{"@id":"https:\/\/lystfiskerforening.dk\/?page_id=238#primaryimage"},"image":{"@id":"https:\/\/lystfiskerforening.dk\/?page_id=238#primaryimage"},"thumbnailUrl":"https:\/\/lystfiskerforening.dk\/wp-content\/uploads\/2017\/11\/219_image_22829192_10155824333747380_6750569342675920396_o.jpg","datePublished":"2017-11-20T21:54:13+00:00","breadcrumb":{"@id":"https:\/\/lystfiskerforening.dk\/?page_id=238#breadcrumb"},"inLanguage":"da-DK","potentialAction":[{"@type":"ReadAction","target":["https:\/\/lystfiskerforening.dk\/?page_id=238"]}]},{"@type":"ImageObject","inLanguage":"da-DK","@id":"https:\/\/lystfiskerforening.dk\/?page_id=238#primaryimage","url":"https:\/\/lystfiskerforening.dk\/wp-content\/uploads\/2017\/11\/219_image_22829192_10155824333747380_6750569342675920396_o.jpg","contentUrl":"https:\/\/lystfiskerforening.dk\/wp-content\/uploads\/2017\/11\/219_image_22829192_10155824333747380_6750569342675920396_o.jpg","width":720,"height":405,"caption":"Gydebanker - Kirkestien i Odder By - anlagt 2016"},{"@type":"BreadcrumbList","@id":"https:\/\/lystfiskerforening.dk\/?page_id=238#breadcrumb","itemListElement":[{"@type":"ListItem","position":1,"name":"Hjem","item":"https:\/\/lystfiskerforening.dk\/"},{"@type":"ListItem","position":2,"name":"Projekter"}]},{"@type":"WebSite","@id":"https:\/\/lystfiskerforening.dk\/#website","url":"https:\/\/lystfiskerforening.dk\/","name":"Odder Sportsfiskerforening","description":"Stiftet i 1945","potentialAction":[{"@type":"SearchAction","target":{"@type":"EntryPoint","urlTemplate":"https:\/\/lystfiskerforening.dk\/?s={search_term_string}"},"query-input":{"@type":"PropertyValueSpecification","valueRequired":true,"valueName":"search_term_string"}}],"inLanguage":"da-DK"}]}},"_links":{"self":[{"href":"https:\/\/lystfiskerforening.dk\/index.php?rest_route=\/wp\/v2\/pages\/238","targetHints":{"allow":["GET"]}}],"collection":[{"href":"https:\/\/lystfiskerforening.dk\/index.php?rest_route=\/wp\/v2\/pages"}],"about":[{"href":"https:\/\/lystfiskerforening.dk\/index.php?rest_route=\/wp\/v2\/types\/page"}],"author":[{"embeddable":true,"href":"https:\/\/lystfiskerforening.dk\/index.php?rest_route=\/wp\/v2\/users\/1"}],"replies":[{"embeddable":true,"href":"https:\/\/lystfiskerforening.dk\/index.php?rest_route=%2Fwp%2Fv2%2Fcomments&post=238"}],"version-history":[{"count":1,"href":"https:\/\/lystfiskerforening.dk\/index.php?rest_route=\/wp\/v2\/pages\/238\/revisions"}],"predecessor-version":[{"id":241,"href":"https:\/\/lystfiskerforening.dk\/index.php?rest_route=\/wp\/v2\/pages\/238\/revisions\/241"}],"wp:featuredmedia":[{"embeddable":true,"href":"https:\/\/lystfiskerforening.dk\/index.php?rest_route=\/wp\/v2\/media\/220"}],"wp:attachment":[{"href":"https:\/\/lystfiskerforening.dk\/index.php?rest_route=%2Fwp%2Fv2%2Fmedia&parent=238"}],"curies":[{"name":"wp","href":"https:\/\/api.w.org\/{rel}","templated":true}]}}