{"id":203,"date":"2017-11-19T15:28:51","date_gmt":"2017-11-19T14:28:51","guid":{"rendered":"http:\/\/lystfiskerforening.dk\/?page_id=203"},"modified":"2017-11-19T15:28:51","modified_gmt":"2017-11-19T14:28:51","slug":"vandraad-2017","status":"publish","type":"page","link":"https:\/\/lystfiskerforening.dk\/?page_id=203","title":{"rendered":"Vandr\u00e5d 2017"},"content":{"rendered":"<figure id=\"attachment_204\" aria-describedby=\"caption-attachment-204\" style=\"width: 591px\" class=\"wp-caption aligncenter\"><a href=\"https:\/\/lystfiskerforening.dk\/wp-content\/uploads\/2017\/11\/20171119_111347.jpg\"><img loading=\"lazy\" decoding=\"async\" class=\" wp-image-204\" src=\"https:\/\/lystfiskerforening.dk\/wp-content\/uploads\/2017\/11\/20171119_111347-1024x768.jpg\" alt=\"\" width=\"591\" height=\"443\" srcset=\"https:\/\/lystfiskerforening.dk\/wp-content\/uploads\/2017\/11\/20171119_111347-1024x768.jpg 1024w, https:\/\/lystfiskerforening.dk\/wp-content\/uploads\/2017\/11\/20171119_111347-300x225.jpg 300w, https:\/\/lystfiskerforening.dk\/wp-content\/uploads\/2017\/11\/20171119_111347-768x576.jpg 768w, https:\/\/lystfiskerforening.dk\/wp-content\/uploads\/2017\/11\/20171119_111347-700x525.jpg 700w, https:\/\/lystfiskerforening.dk\/wp-content\/uploads\/2017\/11\/20171119_111347-410x308.jpg 410w, https:\/\/lystfiskerforening.dk\/wp-content\/uploads\/2017\/11\/20171119_111347-100x75.jpg 100w, https:\/\/lystfiskerforening.dk\/wp-content\/uploads\/2017\/11\/20171119_111347-275x206.jpg 275w, https:\/\/lystfiskerforening.dk\/wp-content\/uploads\/2017\/11\/20171119_111347.jpg 2048w\" sizes=\"auto, (max-width: 591px) 100vw, 591px\" \/><\/a><figcaption id=\"caption-attachment-204\" class=\"wp-caption-text\">Skovvandl\u00f8b i Odder Kommune<\/figcaption><\/figure>\n<p>&nbsp;<\/p>\n<p>Med aftalen om F\u00f8devare- og landbrugspakken i december 2015 blev regeringen og aftaleparterne enige om, at vandr\u00e5denes viden skal bringes i spil i forbindelse med kvalificering af afgr\u00e6nsning og udpegning af de vandl\u00f8b, der indg\u00e5r i vandomr\u00e5deplanerne 2015-2021.<\/p>\n<p>I forbindelse med det arbejde har en repr\u00e6sentant fra Odder Sportsfiskerforening deltaget i arbejdet med udpegning af kunstige og st\u00e6rkt modificeret vandl\u00f8b. Udpegning er sket med udgangspunkt i r\u00e6kke kriterier som Milj\u00f8styrelsen har opsat.<\/p>\n<p>Odder Sportsfiskerforening har v\u00e6ret repr\u00e6sentant i det opland, som hedder 1.9 Horsens Fjord. I Samarbejde med andre sports- og lystfiskerforeninger under Danmarks Sportsfiskerforbund er det lykkes os, at arbejde for bevarelse af s\u00e5 mange vandl\u00f8b som muligt.<\/p>\n<p>I vores opland har f\u00f8lgende foreninger deltaget i vandr\u00e5dsarbejdet:<\/p>\n<ul>\n<li>B\u00e6redygtigt Landbrug<\/li>\n<li>Danske Vandl\u00f8b<\/li>\n<li>Danmarks Naturfredningsforening<\/li>\n<li>Dansk Skovforening<\/li>\n<li>Friluftsr\u00e5det<\/li>\n<li>Dansk Ornitologisk Forening<\/li>\n<li>Danmarks Sportsfiskerforbund<\/li>\n<li>Landbrug &amp; F\u00f8devarer<\/li>\n<li>Oplandsr\u00e5det for Norsminde Fjord<\/li>\n<\/ul>\n<p>&nbsp;<\/p>\n<p>Man kan l\u00e6se meget mere om arbejdet p\u00e5 Milj\u00f8styrelsens hjemmeside. Her er der adgang til breve fra ministeren, rapport, analyser og meget meget mere.<\/p>\n<p><a href=\"http:\/\/mst.dk\/natur-vand\/vandmiljoe\/\" target=\"_blank\" rel=\"noopener\">Milj\u00f8styrelsen &#8211; Vandmilj\u00f8\u00a0<\/a><\/p>\n<p><a href=\"http:\/\/mst.dk\/natur-vand\/vandmiljoe\/vandomraadeplaner\/vandomraadeplaner-2015-2021\/vandraad-2017\/\" target=\"_blank\" rel=\"noopener\">Milj\u00f8styrelsen &#8211; Vandr\u00e5d 2017<\/a><\/p>\n","protected":false},"excerpt":{"rendered":"<p>&nbsp; Med aftalen om F\u00f8devare- og landbrugspakken i december 2015 blev regeringen og aftaleparterne enige om, at vandr\u00e5denes viden skal bringes i spil i forbindelse med kvalificering af afgr\u00e6nsning og udpegning af de vandl\u00f8b, der indg\u00e5r i vandomr\u00e5deplanerne 2015-2021. I forbindelse med det arbejde har en repr\u00e6sentant fra Odder Sportsfiskerforening deltaget i arbejdet med udpegning [&hellip;]<\/p>\n","protected":false},"author":1,"featured_media":204,"parent":0,"menu_order":0,"comment_status":"closed","ping_status":"closed","template":"","meta":{"footnotes":""},"class_list":["post-203","page","type-page","status-publish","has-post-thumbnail","hentry"],"yoast_head":"<!-- This site is optimized with the Yoast SEO plugin v27.5 - https:\/\/yoast.com\/product\/yoast-seo-wordpress\/ -->\n<title>Vandr\u00e5d 2017 - Odder Sportsfiskerforening<\/title>\n<meta name=\"robots\" content=\"index, follow, max-snippet:-1, max-image-preview:large, max-video-preview:-1\" \/>\n<link rel=\"canonical\" href=\"https:\/\/lystfiskerforening.dk\/?page_id=203\" \/>\n<meta property=\"og:locale\" content=\"da_DK\" \/>\n<meta property=\"og:type\" content=\"article\" \/>\n<meta property=\"og:title\" content=\"Vandr\u00e5d 2017 - Odder Sportsfiskerforening\" \/>\n<meta property=\"og:description\" content=\"&nbsp; Med aftalen om F\u00f8devare- og landbrugspakken i december 2015 blev regeringen og aftaleparterne enige om, at vandr\u00e5denes viden skal bringes i spil i forbindelse med kvalificering af afgr\u00e6nsning og udpegning af de vandl\u00f8b, der indg\u00e5r i vandomr\u00e5deplanerne 2015-2021. I forbindelse med det arbejde har en repr\u00e6sentant fra Odder Sportsfiskerforening deltaget i arbejdet med udpegning [&hellip;]\" \/>\n<meta property=\"og:url\" content=\"https:\/\/lystfiskerforening.dk\/?page_id=203\" \/>\n<meta property=\"og:site_name\" content=\"Odder Sportsfiskerforening\" \/>\n<meta property=\"article:publisher\" content=\"https:\/\/www.facebook.com\/odderfisker\/\" \/>\n<meta property=\"og:image\" content=\"https:\/\/lystfiskerforening.dk\/wp-content\/uploads\/2017\/11\/20171119_111347.jpg\" \/>\n\t<meta property=\"og:image:width\" content=\"2048\" \/>\n\t<meta property=\"og:image:height\" content=\"1536\" \/>\n\t<meta property=\"og:image:type\" content=\"image\/jpeg\" \/>\n<meta name=\"twitter:card\" content=\"summary_large_image\" \/>\n<meta name=\"twitter:label1\" content=\"Estimeret l\u00e6setid\" \/>\n\t<meta name=\"twitter:data1\" content=\"1 minut\" \/>\n<script type=\"application\/ld+json\" class=\"yoast-schema-graph\">{\"@context\":\"https:\\\/\\\/schema.org\",\"@graph\":[{\"@type\":\"WebPage\",\"@id\":\"https:\\\/\\\/lystfiskerforening.dk\\\/?page_id=203\",\"url\":\"https:\\\/\\\/lystfiskerforening.dk\\\/?page_id=203\",\"name\":\"Vandr\u00e5d 2017 - Odder Sportsfiskerforening\",\"isPartOf\":{\"@id\":\"https:\\\/\\\/lystfiskerforening.dk\\\/#website\"},\"primaryImageOfPage\":{\"@id\":\"https:\\\/\\\/lystfiskerforening.dk\\\/?page_id=203#primaryimage\"},\"image\":{\"@id\":\"https:\\\/\\\/lystfiskerforening.dk\\\/?page_id=203#primaryimage\"},\"thumbnailUrl\":\"https:\\\/\\\/lystfiskerforening.dk\\\/wp-content\\\/uploads\\\/2017\\\/11\\\/20171119_111347.jpg\",\"datePublished\":\"2017-11-19T14:28:51+00:00\",\"breadcrumb\":{\"@id\":\"https:\\\/\\\/lystfiskerforening.dk\\\/?page_id=203#breadcrumb\"},\"inLanguage\":\"da-DK\",\"potentialAction\":[{\"@type\":\"ReadAction\",\"target\":[\"https:\\\/\\\/lystfiskerforening.dk\\\/?page_id=203\"]}]},{\"@type\":\"ImageObject\",\"inLanguage\":\"da-DK\",\"@id\":\"https:\\\/\\\/lystfiskerforening.dk\\\/?page_id=203#primaryimage\",\"url\":\"https:\\\/\\\/lystfiskerforening.dk\\\/wp-content\\\/uploads\\\/2017\\\/11\\\/20171119_111347.jpg\",\"contentUrl\":\"https:\\\/\\\/lystfiskerforening.dk\\\/wp-content\\\/uploads\\\/2017\\\/11\\\/20171119_111347.jpg\",\"width\":2048,\"height\":1536,\"caption\":\"Skovvandl\u00f8b i Odder Kommune\"},{\"@type\":\"BreadcrumbList\",\"@id\":\"https:\\\/\\\/lystfiskerforening.dk\\\/?page_id=203#breadcrumb\",\"itemListElement\":[{\"@type\":\"ListItem\",\"position\":1,\"name\":\"Hjem\",\"item\":\"https:\\\/\\\/lystfiskerforening.dk\\\/\"},{\"@type\":\"ListItem\",\"position\":2,\"name\":\"Vandr\u00e5d 2017\"}]},{\"@type\":\"WebSite\",\"@id\":\"https:\\\/\\\/lystfiskerforening.dk\\\/#website\",\"url\":\"https:\\\/\\\/lystfiskerforening.dk\\\/\",\"name\":\"Odder Sportsfiskerforening\",\"description\":\"Stiftet i 1945\",\"potentialAction\":[{\"@type\":\"SearchAction\",\"target\":{\"@type\":\"EntryPoint\",\"urlTemplate\":\"https:\\\/\\\/lystfiskerforening.dk\\\/?s={search_term_string}\"},\"query-input\":{\"@type\":\"PropertyValueSpecification\",\"valueRequired\":true,\"valueName\":\"search_term_string\"}}],\"inLanguage\":\"da-DK\"}]}<\/script>\n<!-- \/ Yoast SEO plugin. -->","yoast_head_json":{"title":"Vandr\u00e5d 2017 - Odder Sportsfiskerforening","robots":{"index":"index","follow":"follow","max-snippet":"max-snippet:-1","max-image-preview":"max-image-preview:large","max-video-preview":"max-video-preview:-1"},"canonical":"https:\/\/lystfiskerforening.dk\/?page_id=203","og_locale":"da_DK","og_type":"article","og_title":"Vandr\u00e5d 2017 - Odder Sportsfiskerforening","og_description":"&nbsp; Med aftalen om F\u00f8devare- og landbrugspakken i december 2015 blev regeringen og aftaleparterne enige om, at vandr\u00e5denes viden skal bringes i spil i forbindelse med kvalificering af afgr\u00e6nsning og udpegning af de vandl\u00f8b, der indg\u00e5r i vandomr\u00e5deplanerne 2015-2021. I forbindelse med det arbejde har en repr\u00e6sentant fra Odder Sportsfiskerforening deltaget i arbejdet med udpegning [&hellip;]","og_url":"https:\/\/lystfiskerforening.dk\/?page_id=203","og_site_name":"Odder Sportsfiskerforening","article_publisher":"https:\/\/www.facebook.com\/odderfisker\/","og_image":[{"width":2048,"height":1536,"url":"https:\/\/lystfiskerforening.dk\/wp-content\/uploads\/2017\/11\/20171119_111347.jpg","type":"image\/jpeg"}],"twitter_card":"summary_large_image","twitter_misc":{"Estimeret l\u00e6setid":"1 minut"},"schema":{"@context":"https:\/\/schema.org","@graph":[{"@type":"WebPage","@id":"https:\/\/lystfiskerforening.dk\/?page_id=203","url":"https:\/\/lystfiskerforening.dk\/?page_id=203","name":"Vandr\u00e5d 2017 - Odder Sportsfiskerforening","isPartOf":{"@id":"https:\/\/lystfiskerforening.dk\/#website"},"primaryImageOfPage":{"@id":"https:\/\/lystfiskerforening.dk\/?page_id=203#primaryimage"},"image":{"@id":"https:\/\/lystfiskerforening.dk\/?page_id=203#primaryimage"},"thumbnailUrl":"https:\/\/lystfiskerforening.dk\/wp-content\/uploads\/2017\/11\/20171119_111347.jpg","datePublished":"2017-11-19T14:28:51+00:00","breadcrumb":{"@id":"https:\/\/lystfiskerforening.dk\/?page_id=203#breadcrumb"},"inLanguage":"da-DK","potentialAction":[{"@type":"ReadAction","target":["https:\/\/lystfiskerforening.dk\/?page_id=203"]}]},{"@type":"ImageObject","inLanguage":"da-DK","@id":"https:\/\/lystfiskerforening.dk\/?page_id=203#primaryimage","url":"https:\/\/lystfiskerforening.dk\/wp-content\/uploads\/2017\/11\/20171119_111347.jpg","contentUrl":"https:\/\/lystfiskerforening.dk\/wp-content\/uploads\/2017\/11\/20171119_111347.jpg","width":2048,"height":1536,"caption":"Skovvandl\u00f8b i Odder Kommune"},{"@type":"BreadcrumbList","@id":"https:\/\/lystfiskerforening.dk\/?page_id=203#breadcrumb","itemListElement":[{"@type":"ListItem","position":1,"name":"Hjem","item":"https:\/\/lystfiskerforening.dk\/"},{"@type":"ListItem","position":2,"name":"Vandr\u00e5d 2017"}]},{"@type":"WebSite","@id":"https:\/\/lystfiskerforening.dk\/#website","url":"https:\/\/lystfiskerforening.dk\/","name":"Odder Sportsfiskerforening","description":"Stiftet i 1945","potentialAction":[{"@type":"SearchAction","target":{"@type":"EntryPoint","urlTemplate":"https:\/\/lystfiskerforening.dk\/?s={search_term_string}"},"query-input":{"@type":"PropertyValueSpecification","valueRequired":true,"valueName":"search_term_string"}}],"inLanguage":"da-DK"}]}},"_links":{"self":[{"href":"https:\/\/lystfiskerforening.dk\/index.php?rest_route=\/wp\/v2\/pages\/203","targetHints":{"allow":["GET"]}}],"collection":[{"href":"https:\/\/lystfiskerforening.dk\/index.php?rest_route=\/wp\/v2\/pages"}],"about":[{"href":"https:\/\/lystfiskerforening.dk\/index.php?rest_route=\/wp\/v2\/types\/page"}],"author":[{"embeddable":true,"href":"https:\/\/lystfiskerforening.dk\/index.php?rest_route=\/wp\/v2\/users\/1"}],"replies":[{"embeddable":true,"href":"https:\/\/lystfiskerforening.dk\/index.php?rest_route=%2Fwp%2Fv2%2Fcomments&post=203"}],"version-history":[{"count":1,"href":"https:\/\/lystfiskerforening.dk\/index.php?rest_route=\/wp\/v2\/pages\/203\/revisions"}],"predecessor-version":[{"id":205,"href":"https:\/\/lystfiskerforening.dk\/index.php?rest_route=\/wp\/v2\/pages\/203\/revisions\/205"}],"wp:featuredmedia":[{"embeddable":true,"href":"https:\/\/lystfiskerforening.dk\/index.php?rest_route=\/wp\/v2\/media\/204"}],"wp:attachment":[{"href":"https:\/\/lystfiskerforening.dk\/index.php?rest_route=%2Fwp%2Fv2%2Fmedia&parent=203"}],"curies":[{"name":"wp","href":"https:\/\/api.w.org\/{rel}","templated":true}]}}