{"id":19048,"date":"2022-11-18T10:48:22","date_gmt":"2022-11-18T09:48:22","guid":{"rendered":"https:\/\/lystfiskerforening.dk\/?page_id=19048"},"modified":"2026-01-23T11:13:52","modified_gmt":"2026-01-23T10:13:52","slug":"arrangementer-i-osf","status":"publish","type":"page","link":"https:\/\/lystfiskerforening.dk\/?page_id=19048","title":{"rendered":"Arrangementer i OSF"},"content":{"rendered":"\n<p>P\u00e5 denne side har du mulighed for at f\u00e5 et overblik over b\u00e5de tidligere og kommende arrangementer i OSF regi. Der er mulighed for at danne sig et hurtigt overblik via Denne\/N\u00e6ste m\u00e5ned.<br><br>Interaktiv \u00e5rskalender mht de arrangementer der er lagt op p\u00e5 hjemmesiden.<\/p>\n\n\n\n<p>Sidste mulighed er at download kalenderen som PDF og\/eller printe den ud til at h\u00e6nge op p\u00e5 opslagstavle eller dit k\u00f8leskab.<\/p>\n\n\n\n<p><\/p>\n\n\n\n<p>Lige meget hvilken mulighed du v\u00e6lger h\u00e5ber vi p\u00e5 at se dig i l\u00f8bet af \u00e5ret. \ud83d\ude42 <\/p>\n\n\n\n<div style=\"height:80px\" aria-hidden=\"true\" class=\"wp-block-spacer\"><\/div>\n\n\n\n<iframe loading=\"lazy\" src=\"https:\/\/calendar.google.com\/calendar\/embed?height=600&amp;wkst=2&amp;bgcolor=%23ffffff&amp;ctz=Europe%2FBerlin&amp;showNav=1&amp;showTitle=1&amp;showDate=1&amp;showCalendars=1&amp;src=MDQ5YjI3YTA1ZDcwMmE0ZmI5MWY5NDU2NTllYjk0NjFlMWU0ZGRhMGU2MTVhNjdmMmYzYTQyYzVlY2M3NjBhM0Bncm91cC5jYWxlbmRhci5nb29nbGUuY29t&amp;src=ZGEuZGFuaXNoI2hvbGlkYXlAZ3JvdXAudi5jYWxlbmRhci5nb29nbGUuY29t&amp;src=aHQzamxmYWFjNWxmZDYyNjN1bGZoNHRxbDhAZ3JvdXAuY2FsZW5kYXIuZ29vZ2xlLmNvbQ&amp;color=%239E69AF&amp;color=%23009688&amp;color=%23B39DDB\" style=\"border:solid 1px #777\" width=\"800\" height=\"600\" frameborder=\"0\" scrolling=\"no\"><\/iframe>\n\n\n\n<div style=\"height:100px\" aria-hidden=\"true\" class=\"wp-block-spacer\"><\/div>\n\n\n\n<h4 class=\"wp-block-heading\"><strong>Download kalender som PDF eller print til k\u00f8leskabet<\/strong><\/h4>\n\n\n\n<div data-wp-interactive=\"core\/file\" class=\"wp-block-file\"><object data-wp-bind--hidden=\"!state.hasPdfPreview\" hidden class=\"wp-block-file__embed\" data=\"https:\/\/lystfiskerforening.dk\/wp-content\/uploads\/2026\/01\/OSF_Aktivitetskalender2026-1v2.pdf\" type=\"application\/pdf\" style=\"width:100%;height:600px\" aria-label=\"Embed OSF_Aktivitetskalender2026-1v2.\"><\/object><a id=\"wp-block-file--media-2c7fb52b-1147-4a30-aee8-189db3370b85\" href=\"https:\/\/lystfiskerforening.dk\/wp-content\/uploads\/2026\/01\/OSF_Aktivitetskalender2026-1v2.pdf\" target=\"_blank\" rel=\"noreferrer noopener\">OSF_Aktivitetskalender2026-1v2<\/a><a href=\"https:\/\/lystfiskerforening.dk\/wp-content\/uploads\/2026\/01\/OSF_Aktivitetskalender2026-1v2.pdf\" class=\"wp-block-file__button wp-element-button\" download aria-describedby=\"wp-block-file--media-2c7fb52b-1147-4a30-aee8-189db3370b85\">Download<\/a><\/div>\n\n\n\n<div style=\"height:100px\" aria-hidden=\"true\" class=\"wp-block-spacer\"><\/div>\n\n\n\n<p><\/p>\n","protected":false},"excerpt":{"rendered":"<p>P\u00e5 denne side har du mulighed for at f\u00e5 et overblik over b\u00e5de tidligere og kommende arrangementer i OSF regi. Der er mulighed for at danne sig et hurtigt overblik via Denne\/N\u00e6ste m\u00e5ned. Interaktiv \u00e5rskalender mht de arrangementer der er lagt op p\u00e5 hjemmesiden. Sidste mulighed er at download kalenderen som PDF og\/eller printe den [&hellip;]<\/p>\n","protected":false},"author":1,"featured_media":0,"parent":0,"menu_order":0,"comment_status":"closed","ping_status":"closed","template":"","meta":{"footnotes":""},"class_list":["post-19048","page","type-page","status-publish","hentry"],"yoast_head":"<!-- This site is optimized with the Yoast SEO plugin v27.5 - https:\/\/yoast.com\/product\/yoast-seo-wordpress\/ -->\n<title>Arrangementer i OSF - Odder Sportsfiskerforening<\/title>\n<meta name=\"robots\" content=\"index, follow, max-snippet:-1, max-image-preview:large, max-video-preview:-1\" \/>\n<link rel=\"canonical\" href=\"https:\/\/lystfiskerforening.dk\/?page_id=19048\" \/>\n<meta property=\"og:locale\" content=\"da_DK\" \/>\n<meta property=\"og:type\" content=\"article\" \/>\n<meta property=\"og:title\" content=\"Arrangementer i OSF - Odder Sportsfiskerforening\" \/>\n<meta property=\"og:description\" content=\"P\u00e5 denne side har du mulighed for at f\u00e5 et overblik over b\u00e5de tidligere og kommende arrangementer i OSF regi. Der er mulighed for at danne sig et hurtigt overblik via Denne\/N\u00e6ste m\u00e5ned. Interaktiv \u00e5rskalender mht de arrangementer der er lagt op p\u00e5 hjemmesiden. Sidste mulighed er at download kalenderen som PDF og\/eller printe den [&hellip;]\" \/>\n<meta property=\"og:url\" content=\"https:\/\/lystfiskerforening.dk\/?page_id=19048\" \/>\n<meta property=\"og:site_name\" content=\"Odder Sportsfiskerforening\" \/>\n<meta property=\"article:publisher\" content=\"https:\/\/www.facebook.com\/odderfisker\/\" \/>\n<meta property=\"article:modified_time\" content=\"2026-01-23T10:13:52+00:00\" \/>\n<meta name=\"twitter:card\" content=\"summary_large_image\" \/>\n<meta name=\"twitter:label1\" content=\"Estimeret l\u00e6setid\" \/>\n\t<meta name=\"twitter:data1\" content=\"1 minut\" \/>\n<script type=\"application\/ld+json\" class=\"yoast-schema-graph\">{\"@context\":\"https:\\\/\\\/schema.org\",\"@graph\":[{\"@type\":\"WebPage\",\"@id\":\"https:\\\/\\\/lystfiskerforening.dk\\\/?page_id=19048\",\"url\":\"https:\\\/\\\/lystfiskerforening.dk\\\/?page_id=19048\",\"name\":\"Arrangementer i OSF - Odder Sportsfiskerforening\",\"isPartOf\":{\"@id\":\"https:\\\/\\\/lystfiskerforening.dk\\\/#website\"},\"datePublished\":\"2022-11-18T09:48:22+00:00\",\"dateModified\":\"2026-01-23T10:13:52+00:00\",\"breadcrumb\":{\"@id\":\"https:\\\/\\\/lystfiskerforening.dk\\\/?page_id=19048#breadcrumb\"},\"inLanguage\":\"da-DK\",\"potentialAction\":[{\"@type\":\"ReadAction\",\"target\":[\"https:\\\/\\\/lystfiskerforening.dk\\\/?page_id=19048\"]}]},{\"@type\":\"BreadcrumbList\",\"@id\":\"https:\\\/\\\/lystfiskerforening.dk\\\/?page_id=19048#breadcrumb\",\"itemListElement\":[{\"@type\":\"ListItem\",\"position\":1,\"name\":\"Hjem\",\"item\":\"https:\\\/\\\/lystfiskerforening.dk\\\/\"},{\"@type\":\"ListItem\",\"position\":2,\"name\":\"Arrangementer i OSF\"}]},{\"@type\":\"WebSite\",\"@id\":\"https:\\\/\\\/lystfiskerforening.dk\\\/#website\",\"url\":\"https:\\\/\\\/lystfiskerforening.dk\\\/\",\"name\":\"Odder Sportsfiskerforening\",\"description\":\"Stiftet i 1945\",\"potentialAction\":[{\"@type\":\"SearchAction\",\"target\":{\"@type\":\"EntryPoint\",\"urlTemplate\":\"https:\\\/\\\/lystfiskerforening.dk\\\/?s={search_term_string}\"},\"query-input\":{\"@type\":\"PropertyValueSpecification\",\"valueRequired\":true,\"valueName\":\"search_term_string\"}}],\"inLanguage\":\"da-DK\"}]}<\/script>\n<!-- \/ Yoast SEO plugin. -->","yoast_head_json":{"title":"Arrangementer i OSF - Odder Sportsfiskerforening","robots":{"index":"index","follow":"follow","max-snippet":"max-snippet:-1","max-image-preview":"max-image-preview:large","max-video-preview":"max-video-preview:-1"},"canonical":"https:\/\/lystfiskerforening.dk\/?page_id=19048","og_locale":"da_DK","og_type":"article","og_title":"Arrangementer i OSF - Odder Sportsfiskerforening","og_description":"P\u00e5 denne side har du mulighed for at f\u00e5 et overblik over b\u00e5de tidligere og kommende arrangementer i OSF regi. Der er mulighed for at danne sig et hurtigt overblik via Denne\/N\u00e6ste m\u00e5ned. Interaktiv \u00e5rskalender mht de arrangementer der er lagt op p\u00e5 hjemmesiden. Sidste mulighed er at download kalenderen som PDF og\/eller printe den [&hellip;]","og_url":"https:\/\/lystfiskerforening.dk\/?page_id=19048","og_site_name":"Odder Sportsfiskerforening","article_publisher":"https:\/\/www.facebook.com\/odderfisker\/","article_modified_time":"2026-01-23T10:13:52+00:00","twitter_card":"summary_large_image","twitter_misc":{"Estimeret l\u00e6setid":"1 minut"},"schema":{"@context":"https:\/\/schema.org","@graph":[{"@type":"WebPage","@id":"https:\/\/lystfiskerforening.dk\/?page_id=19048","url":"https:\/\/lystfiskerforening.dk\/?page_id=19048","name":"Arrangementer i OSF - Odder Sportsfiskerforening","isPartOf":{"@id":"https:\/\/lystfiskerforening.dk\/#website"},"datePublished":"2022-11-18T09:48:22+00:00","dateModified":"2026-01-23T10:13:52+00:00","breadcrumb":{"@id":"https:\/\/lystfiskerforening.dk\/?page_id=19048#breadcrumb"},"inLanguage":"da-DK","potentialAction":[{"@type":"ReadAction","target":["https:\/\/lystfiskerforening.dk\/?page_id=19048"]}]},{"@type":"BreadcrumbList","@id":"https:\/\/lystfiskerforening.dk\/?page_id=19048#breadcrumb","itemListElement":[{"@type":"ListItem","position":1,"name":"Hjem","item":"https:\/\/lystfiskerforening.dk\/"},{"@type":"ListItem","position":2,"name":"Arrangementer i OSF"}]},{"@type":"WebSite","@id":"https:\/\/lystfiskerforening.dk\/#website","url":"https:\/\/lystfiskerforening.dk\/","name":"Odder Sportsfiskerforening","description":"Stiftet i 1945","potentialAction":[{"@type":"SearchAction","target":{"@type":"EntryPoint","urlTemplate":"https:\/\/lystfiskerforening.dk\/?s={search_term_string}"},"query-input":{"@type":"PropertyValueSpecification","valueRequired":true,"valueName":"search_term_string"}}],"inLanguage":"da-DK"}]}},"_links":{"self":[{"href":"https:\/\/lystfiskerforening.dk\/index.php?rest_route=\/wp\/v2\/pages\/19048","targetHints":{"allow":["GET"]}}],"collection":[{"href":"https:\/\/lystfiskerforening.dk\/index.php?rest_route=\/wp\/v2\/pages"}],"about":[{"href":"https:\/\/lystfiskerforening.dk\/index.php?rest_route=\/wp\/v2\/types\/page"}],"author":[{"embeddable":true,"href":"https:\/\/lystfiskerforening.dk\/index.php?rest_route=\/wp\/v2\/users\/1"}],"replies":[{"embeddable":true,"href":"https:\/\/lystfiskerforening.dk\/index.php?rest_route=%2Fwp%2Fv2%2Fcomments&post=19048"}],"version-history":[{"count":23,"href":"https:\/\/lystfiskerforening.dk\/index.php?rest_route=\/wp\/v2\/pages\/19048\/revisions"}],"predecessor-version":[{"id":19659,"href":"https:\/\/lystfiskerforening.dk\/index.php?rest_route=\/wp\/v2\/pages\/19048\/revisions\/19659"}],"wp:attachment":[{"href":"https:\/\/lystfiskerforening.dk\/index.php?rest_route=%2Fwp%2Fv2%2Fmedia&parent=19048"}],"curies":[{"name":"wp","href":"https:\/\/api.w.org\/{rel}","templated":true}]}}