{"id":183,"date":"2017-11-19T00:33:15","date_gmt":"2017-11-18T23:33:15","guid":{"rendered":"http:\/\/lystfiskerforening.dk\/?page_id=183"},"modified":"2025-02-18T22:30:37","modified_gmt":"2025-02-18T21:30:37","slug":"medlemskab","status":"publish","type":"page","link":"https:\/\/lystfiskerforening.dk\/?page_id=183","title":{"rendered":"Medlemskab"},"content":{"rendered":"<h4><a href=\"https:\/\/lystfiskerforening.dk\/wp-content\/uploads\/2017\/12\/foreningfane.jpg\"><img loading=\"lazy\" decoding=\"async\" class=\"aligncenter wp-image-2247 size-medium\" src=\"https:\/\/lystfiskerforening.dk\/wp-content\/uploads\/2017\/12\/foreningfane-200x300.jpg\" alt=\"\" width=\"200\" height=\"300\" srcset=\"https:\/\/lystfiskerforening.dk\/wp-content\/uploads\/2017\/12\/foreningfane-200x300.jpg 200w, https:\/\/lystfiskerforening.dk\/wp-content\/uploads\/2017\/12\/foreningfane-768x1152.jpg 768w, https:\/\/lystfiskerforening.dk\/wp-content\/uploads\/2017\/12\/foreningfane-683x1024.jpg 683w, https:\/\/lystfiskerforening.dk\/wp-content\/uploads\/2017\/12\/foreningfane-700x1050.jpg 700w, https:\/\/lystfiskerforening.dk\/wp-content\/uploads\/2017\/12\/foreningfane-410x615.jpg 410w, https:\/\/lystfiskerforening.dk\/wp-content\/uploads\/2017\/12\/foreningfane-100x150.jpg 100w, https:\/\/lystfiskerforening.dk\/wp-content\/uploads\/2017\/12\/foreningfane-275x413.jpg 275w, https:\/\/lystfiskerforening.dk\/wp-content\/uploads\/2017\/12\/foreningfane.jpg 1365w\" sizes=\"auto, (max-width: 200px) 100vw, 200px\" \/><\/a><\/h4>\n<h5><strong>Info:<\/strong><\/h5>\n<p>P\u00e5 den her side vil du finde alle de informationer, som der m\u00e5tte v\u00e6re forbundet med dit medlemskab i Odder Sportsfiskerforening. Skulle du st\u00e5 tilbage med sp\u00f8rgsm\u00e5l efter have l\u00e6st siden igennem er du mere end velkommen til at kontakte foreningens bestyrelse.<\/p>\n<p><strong>Satser 2025:<\/strong><br \/>Junior (op til 17): 25kr<br \/>Senior: 700kr<br \/>Familie: 900kr<\/p>\n<p><em>S\u00e5fremt man allerede er medlem er af DSF igennem en anden forening udg\u00f8r et medlemskab af OSF <strong>230kr<\/strong> for en senior.<\/em><\/p>\n\n\n<div style=\"height:60px\" aria-hidden=\"true\" class=\"wp-block-spacer\"><\/div>\n\n\n\n<h5 class=\"wp-block-heading\"><strong>Medlemskab:<\/strong><\/h5>\n\n\n\n<p>Som medlem i Odder Sportsfiskerforening f\u00e5r man adgang til en r\u00e6kke forskellige muligheder. Det kan varierer alt efter om man \u00f8nsker at v\u00e6re en aktiv del af foreningen eller blot fiskealene. Vi opfordrer selvf\u00f8lgelig til, at man kommer og hilser p\u00e5 engang imellem til forenings arrangementer om det m\u00e5tte v\u00e6re vores f\u00e6lles ture eller vores hyggeaften om tirsdagen er underordnet. Det er ikke et krav om at man skal have et vis aktivitetsniveau &#8211; det helt op til den enkelte hvor aktiv man vil v\u00e6re i foreningen.<\/p>\n\n\n\n<p>Vi har fors\u00f8gt at lave en oversigt over hvad et medlemskab af foreningen kan tilbyde de enkelte medlemmer:<\/p>\n\n\n\n<ul class=\"wp-block-list\">\n<li>Aktiv forening<\/li>\n\n\n\n<li>mulighed for direkte indflydelse<\/li>\n\n\n\n<li>fiskeret i Odder \u00c5 p\u00e5 <a href=\"https:\/\/lystfiskerforening.dk\/?page_id=161\" target=\"_blank\" rel=\"noreferrer noopener\">foreningens vande<\/a><\/li>\n\n\n\n<li>4 numre af bladet &#8220;Sportsfiskeren&#8221; som udgives af <a href=\"https:\/\/www.sportsfiskeren.dk\/\" target=\"_blank\" rel=\"noreferrer noopener\">Danmarks Sportfiskerforbund<\/a><\/li>\n\n\n\n<li><a href=\"https:\/\/lystfiskerforening.dk\/?page_id=171\" target=\"_blank\" rel=\"noreferrer noopener\">L\u00e5n af b\u00e5d<\/a> til brug i hav og Skanderborg S\u00f8<\/li>\n\n\n\n<li>mulighed for deltagelse i forenings aktiviterne u\/m egenbetaling*<\/li>\n\n\n\n<li>L\u00e5n af <a href=\"https:\/\/lystfiskerforening.dk\/?p=18227\" target=\"_blank\" rel=\"noreferrer noopener\">dagskort til Skanderborg S\u00f8<\/a><\/li>\n<\/ul>\n\n\n\n<p><em>*der forekommer for eksempel&nbsp;egenbetaling for proviant p\u00e5 vores weekends-ture&nbsp;til Gjerrild. Typisk fordeles de samlet udgifter p\u00e5 alle, som der m\u00e5tte have deltaget i et arrangement.<\/em><\/p>\n\n\n<div class=\"wp-block-image\">\n<figure class=\"aligncenter\"><a href=\"https:\/\/lystfiskerforening.dk\/wp-content\/uploads\/2017\/11\/forsider_03.png\"><img loading=\"lazy\" decoding=\"async\" width=\"300\" height=\"292\" src=\"https:\/\/lystfiskerforening.dk\/wp-content\/uploads\/2017\/11\/forsider_03-300x292.png\" alt=\"\" class=\"wp-image-184\" srcset=\"https:\/\/lystfiskerforening.dk\/wp-content\/uploads\/2017\/11\/forsider_03-300x292.png 300w, https:\/\/lystfiskerforening.dk\/wp-content\/uploads\/2017\/11\/forsider_03-410x399.png 410w, https:\/\/lystfiskerforening.dk\/wp-content\/uploads\/2017\/11\/forsider_03-100x97.png 100w, https:\/\/lystfiskerforening.dk\/wp-content\/uploads\/2017\/11\/forsider_03-275x268.png 275w, https:\/\/lystfiskerforening.dk\/wp-content\/uploads\/2017\/11\/forsider_03.png 550w\" sizes=\"auto, (max-width: 300px) 100vw, 300px\" \/><\/a><figcaption class=\"wp-element-caption\">F\u00e5 4 Fiskerimagasiner ved medlemskab af DSF.<\/figcaption><\/figure>\n<\/div>\n\n\n<div style=\"height:60px\" aria-hidden=\"true\" class=\"wp-block-spacer\"><\/div>\n\n\n<h5><strong>En del af Danmarks Sportsfiskerforbund<\/strong><\/h5>\n<p>Odder Sportsfiskerforening er en del af foreningerne i DSF. Det tyder, at du som medlem i OSF ogs\u00e5 kan benytte de medlems fordele som Danmarks Sportfiskerforbund har forhandlet sig frem til.<\/p>\n<p>Medlems fordelene kan v\u00e6re mange ting, som rabater p\u00e5 magasiner, grej eller bekl\u00e6dning. Men ogs\u00e5 tilbud p\u00e5 som fiskeoplevelser eller ligende. Listen udg\u00f8r;<\/p>\n<ul>\n<li>Oplevelser<\/li>\n<li>Kursuser<\/li>\n<li>Transport (rabat)<\/li>\n<li>Grej &amp; bekl\u00e6dning (rabat)<\/li>\n<li>Magasiner (rabat)<\/li>\n<li>Fiskevand<\/li>\n<\/ul>\n<p>Her kan du l\u00e6se meget mere om <a href=\"https:\/\/www.sportsfiskeren.dk\/om-os\/medlemsfordele\" target=\"_blank\" rel=\"noopener noreferrer\">medlems fordelene i DSF<\/a><\/p>\n\n\n<div style=\"height:60px\" aria-hidden=\"true\" class=\"wp-block-spacer\"><\/div>\n\n\n\n<h5 class=\"wp-block-heading\">Hvordan bliver jeg medlem?<\/h5>\n\n\n\n<p>For at g\u00f8re det s\u00e5 simpelt for alle partner som muligt. S\u00e5 har vi \u00e5bnet op for, at man kan k\u00f8be medlemskab af Odder Sportsfiskerforening direkte via nettet. I den forbindelse betaler man for medlemskabet med det samme og man betragtes som medlem s\u00e5 snart betaling er g\u00e5et igennem.<\/p>\n\n\n\n<p>Man bliver samtidig med tildelt et medlemnummer og har mulighed for at downloade et medlemskort, som skal kunne fremvises ved eksempelvis kontrol ved vore fiskevand.<\/p>\n\n\n\n<p>Klik p\u00e5 logoet herunder for at komme igang med indmeldelse.<\/p>\n\n\n\n<p><em>Du bliver viderestillet til Danmarks Sportsfiskerforbund n\u00e5r du klikker \u201cBliv Medlem\u201d \u2013 Du finder seniormedlemskab under \u201cPersonligt\u201d<\/em><\/p>\n\n\n\n<p><\/p>\n\n\n\n<p><\/p>\n\n\n<div class=\"wp-block-image\">\n<figure class=\"aligncenter is-resized\"><a href=\"https:\/\/www.fiskekort.dk\/foreninger\/25\/odder-sportsfiskerforening\"><img loading=\"lazy\" decoding=\"async\" width=\"231\" height=\"274\" src=\"https:\/\/lystfiskerforening.dk\/wp-content\/uploads\/2017\/12\/blivmedlem.jpg\" alt=\"\" class=\"wp-image-2246\" style=\"width:231px;height:auto\" srcset=\"https:\/\/lystfiskerforening.dk\/wp-content\/uploads\/2017\/12\/blivmedlem.jpg 231w, https:\/\/lystfiskerforening.dk\/wp-content\/uploads\/2017\/12\/blivmedlem-100x119.jpg 100w\" sizes=\"auto, (max-width: 231px) 100vw, 231px\" \/><\/a><\/figure>\n<\/div>","protected":false},"excerpt":{"rendered":"<p>Info: P\u00e5 den her side vil du finde alle de informationer, som der m\u00e5tte v\u00e6re forbundet med dit medlemskab i Odder Sportsfiskerforening. Skulle du st\u00e5 tilbage med sp\u00f8rgsm\u00e5l efter have l\u00e6st siden igennem er du mere end velkommen til at kontakte foreningens bestyrelse. Satser 2025:Junior (op til 17): 25krSenior: 700krFamilie: 900kr S\u00e5fremt man allerede er [&hellip;]<\/p>\n","protected":false},"author":1,"featured_media":184,"parent":0,"menu_order":0,"comment_status":"closed","ping_status":"closed","template":"","meta":{"footnotes":""},"class_list":["post-183","page","type-page","status-publish","has-post-thumbnail","hentry"],"yoast_head":"<!-- This site is optimized with the Yoast SEO plugin v27.3 - https:\/\/yoast.com\/product\/yoast-seo-wordpress\/ -->\n<title>Medlemskab - Odder Sportsfiskerforening<\/title>\n<meta name=\"robots\" content=\"index, follow, max-snippet:-1, max-image-preview:large, max-video-preview:-1\" \/>\n<link rel=\"canonical\" href=\"https:\/\/lystfiskerforening.dk\/?page_id=183\" \/>\n<meta property=\"og:locale\" content=\"da_DK\" \/>\n<meta property=\"og:type\" content=\"article\" \/>\n<meta property=\"og:title\" content=\"Medlemskab - Odder Sportsfiskerforening\" \/>\n<meta property=\"og:description\" content=\"Info: P\u00e5 den her side vil du finde alle de informationer, som der m\u00e5tte v\u00e6re forbundet med dit medlemskab i Odder Sportsfiskerforening. Skulle du st\u00e5 tilbage med sp\u00f8rgsm\u00e5l efter have l\u00e6st siden igennem er du mere end velkommen til at kontakte foreningens bestyrelse. Satser 2025:Junior (op til 17): 25krSenior: 700krFamilie: 900kr S\u00e5fremt man allerede er [&hellip;]\" \/>\n<meta property=\"og:url\" content=\"https:\/\/lystfiskerforening.dk\/?page_id=183\" \/>\n<meta property=\"og:site_name\" content=\"Odder Sportsfiskerforening\" \/>\n<meta property=\"article:publisher\" content=\"https:\/\/www.facebook.com\/odderfisker\/\" \/>\n<meta property=\"article:modified_time\" content=\"2025-02-18T21:30:37+00:00\" \/>\n<meta property=\"og:image\" content=\"https:\/\/lystfiskerforening.dk\/wp-content\/uploads\/2017\/11\/forsider_03.png\" \/>\n\t<meta property=\"og:image:width\" content=\"550\" \/>\n\t<meta property=\"og:image:height\" content=\"535\" \/>\n\t<meta property=\"og:image:type\" content=\"image\/png\" \/>\n<meta name=\"twitter:card\" content=\"summary_large_image\" \/>\n<meta name=\"twitter:label1\" content=\"Estimeret l\u00e6setid\" \/>\n\t<meta name=\"twitter:data1\" content=\"4 minutter\" \/>\n<script type=\"application\/ld+json\" class=\"yoast-schema-graph\">{\"@context\":\"https:\\\/\\\/schema.org\",\"@graph\":[{\"@type\":\"WebPage\",\"@id\":\"https:\\\/\\\/lystfiskerforening.dk\\\/?page_id=183\",\"url\":\"https:\\\/\\\/lystfiskerforening.dk\\\/?page_id=183\",\"name\":\"Medlemskab - Odder Sportsfiskerforening\",\"isPartOf\":{\"@id\":\"https:\\\/\\\/lystfiskerforening.dk\\\/#website\"},\"primaryImageOfPage\":{\"@id\":\"https:\\\/\\\/lystfiskerforening.dk\\\/?page_id=183#primaryimage\"},\"image\":{\"@id\":\"https:\\\/\\\/lystfiskerforening.dk\\\/?page_id=183#primaryimage\"},\"thumbnailUrl\":\"https:\\\/\\\/lystfiskerforening.dk\\\/wp-content\\\/uploads\\\/2017\\\/11\\\/forsider_03.png\",\"datePublished\":\"2017-11-18T23:33:15+00:00\",\"dateModified\":\"2025-02-18T21:30:37+00:00\",\"breadcrumb\":{\"@id\":\"https:\\\/\\\/lystfiskerforening.dk\\\/?page_id=183#breadcrumb\"},\"inLanguage\":\"da-DK\",\"potentialAction\":[{\"@type\":\"ReadAction\",\"target\":[\"https:\\\/\\\/lystfiskerforening.dk\\\/?page_id=183\"]}]},{\"@type\":\"ImageObject\",\"inLanguage\":\"da-DK\",\"@id\":\"https:\\\/\\\/lystfiskerforening.dk\\\/?page_id=183#primaryimage\",\"url\":\"https:\\\/\\\/lystfiskerforening.dk\\\/wp-content\\\/uploads\\\/2017\\\/11\\\/forsider_03.png\",\"contentUrl\":\"https:\\\/\\\/lystfiskerforening.dk\\\/wp-content\\\/uploads\\\/2017\\\/11\\\/forsider_03.png\",\"width\":550,\"height\":535,\"caption\":\"F\u00e5 10 FIskerimagasiner ved medlemskab af DSF.\"},{\"@type\":\"BreadcrumbList\",\"@id\":\"https:\\\/\\\/lystfiskerforening.dk\\\/?page_id=183#breadcrumb\",\"itemListElement\":[{\"@type\":\"ListItem\",\"position\":1,\"name\":\"Hjem\",\"item\":\"https:\\\/\\\/lystfiskerforening.dk\\\/\"},{\"@type\":\"ListItem\",\"position\":2,\"name\":\"Medlemskab\"}]},{\"@type\":\"WebSite\",\"@id\":\"https:\\\/\\\/lystfiskerforening.dk\\\/#website\",\"url\":\"https:\\\/\\\/lystfiskerforening.dk\\\/\",\"name\":\"Odder Sportsfiskerforening\",\"description\":\"Stiftet i 1945\",\"potentialAction\":[{\"@type\":\"SearchAction\",\"target\":{\"@type\":\"EntryPoint\",\"urlTemplate\":\"https:\\\/\\\/lystfiskerforening.dk\\\/?s={search_term_string}\"},\"query-input\":{\"@type\":\"PropertyValueSpecification\",\"valueRequired\":true,\"valueName\":\"search_term_string\"}}],\"inLanguage\":\"da-DK\"}]}<\/script>\n<!-- \/ Yoast SEO plugin. -->","yoast_head_json":{"title":"Medlemskab - Odder Sportsfiskerforening","robots":{"index":"index","follow":"follow","max-snippet":"max-snippet:-1","max-image-preview":"max-image-preview:large","max-video-preview":"max-video-preview:-1"},"canonical":"https:\/\/lystfiskerforening.dk\/?page_id=183","og_locale":"da_DK","og_type":"article","og_title":"Medlemskab - Odder Sportsfiskerforening","og_description":"Info: P\u00e5 den her side vil du finde alle de informationer, som der m\u00e5tte v\u00e6re forbundet med dit medlemskab i Odder Sportsfiskerforening. Skulle du st\u00e5 tilbage med sp\u00f8rgsm\u00e5l efter have l\u00e6st siden igennem er du mere end velkommen til at kontakte foreningens bestyrelse. Satser 2025:Junior (op til 17): 25krSenior: 700krFamilie: 900kr S\u00e5fremt man allerede er [&hellip;]","og_url":"https:\/\/lystfiskerforening.dk\/?page_id=183","og_site_name":"Odder Sportsfiskerforening","article_publisher":"https:\/\/www.facebook.com\/odderfisker\/","article_modified_time":"2025-02-18T21:30:37+00:00","og_image":[{"width":550,"height":535,"url":"https:\/\/lystfiskerforening.dk\/wp-content\/uploads\/2017\/11\/forsider_03.png","type":"image\/png"}],"twitter_card":"summary_large_image","twitter_misc":{"Estimeret l\u00e6setid":"4 minutter"},"schema":{"@context":"https:\/\/schema.org","@graph":[{"@type":"WebPage","@id":"https:\/\/lystfiskerforening.dk\/?page_id=183","url":"https:\/\/lystfiskerforening.dk\/?page_id=183","name":"Medlemskab - Odder Sportsfiskerforening","isPartOf":{"@id":"https:\/\/lystfiskerforening.dk\/#website"},"primaryImageOfPage":{"@id":"https:\/\/lystfiskerforening.dk\/?page_id=183#primaryimage"},"image":{"@id":"https:\/\/lystfiskerforening.dk\/?page_id=183#primaryimage"},"thumbnailUrl":"https:\/\/lystfiskerforening.dk\/wp-content\/uploads\/2017\/11\/forsider_03.png","datePublished":"2017-11-18T23:33:15+00:00","dateModified":"2025-02-18T21:30:37+00:00","breadcrumb":{"@id":"https:\/\/lystfiskerforening.dk\/?page_id=183#breadcrumb"},"inLanguage":"da-DK","potentialAction":[{"@type":"ReadAction","target":["https:\/\/lystfiskerforening.dk\/?page_id=183"]}]},{"@type":"ImageObject","inLanguage":"da-DK","@id":"https:\/\/lystfiskerforening.dk\/?page_id=183#primaryimage","url":"https:\/\/lystfiskerforening.dk\/wp-content\/uploads\/2017\/11\/forsider_03.png","contentUrl":"https:\/\/lystfiskerforening.dk\/wp-content\/uploads\/2017\/11\/forsider_03.png","width":550,"height":535,"caption":"F\u00e5 10 FIskerimagasiner ved medlemskab af DSF."},{"@type":"BreadcrumbList","@id":"https:\/\/lystfiskerforening.dk\/?page_id=183#breadcrumb","itemListElement":[{"@type":"ListItem","position":1,"name":"Hjem","item":"https:\/\/lystfiskerforening.dk\/"},{"@type":"ListItem","position":2,"name":"Medlemskab"}]},{"@type":"WebSite","@id":"https:\/\/lystfiskerforening.dk\/#website","url":"https:\/\/lystfiskerforening.dk\/","name":"Odder Sportsfiskerforening","description":"Stiftet i 1945","potentialAction":[{"@type":"SearchAction","target":{"@type":"EntryPoint","urlTemplate":"https:\/\/lystfiskerforening.dk\/?s={search_term_string}"},"query-input":{"@type":"PropertyValueSpecification","valueRequired":true,"valueName":"search_term_string"}}],"inLanguage":"da-DK"}]}},"_links":{"self":[{"href":"https:\/\/lystfiskerforening.dk\/index.php?rest_route=\/wp\/v2\/pages\/183","targetHints":{"allow":["GET"]}}],"collection":[{"href":"https:\/\/lystfiskerforening.dk\/index.php?rest_route=\/wp\/v2\/pages"}],"about":[{"href":"https:\/\/lystfiskerforening.dk\/index.php?rest_route=\/wp\/v2\/types\/page"}],"author":[{"embeddable":true,"href":"https:\/\/lystfiskerforening.dk\/index.php?rest_route=\/wp\/v2\/users\/1"}],"replies":[{"embeddable":true,"href":"https:\/\/lystfiskerforening.dk\/index.php?rest_route=%2Fwp%2Fv2%2Fcomments&post=183"}],"version-history":[{"count":22,"href":"https:\/\/lystfiskerforening.dk\/index.php?rest_route=\/wp\/v2\/pages\/183\/revisions"}],"predecessor-version":[{"id":19549,"href":"https:\/\/lystfiskerforening.dk\/index.php?rest_route=\/wp\/v2\/pages\/183\/revisions\/19549"}],"wp:featuredmedia":[{"embeddable":true,"href":"https:\/\/lystfiskerforening.dk\/index.php?rest_route=\/wp\/v2\/media\/184"}],"wp:attachment":[{"href":"https:\/\/lystfiskerforening.dk\/index.php?rest_route=%2Fwp%2Fv2%2Fmedia&parent=183"}],"curies":[{"name":"wp","href":"https:\/\/api.w.org\/{rel}","templated":true}]}}