{"id":171,"date":"2017-11-19T00:18:02","date_gmt":"2017-11-18T23:18:02","guid":{"rendered":"http:\/\/lystfiskerforening.dk\/?page_id=171"},"modified":"2022-02-26T02:02:00","modified_gmt":"2022-02-26T01:02:00","slug":"laan-en-baad","status":"publish","type":"page","link":"https:\/\/lystfiskerforening.dk\/?page_id=171","title":{"rendered":"L\u00e5n en b\u00e5d"},"content":{"rendered":"<h4>Information om OSF\u00b4s b\u00e5de og l\u00e5ne muligheder:<\/h4>\n<p>I foreningen har vi en jolle p\u00e5 trailer til r\u00e5dighed.<\/p>\n<p>Den er klar til afhentning og kan benyttes b\u00e5de p\u00e5 kysten og i s\u00f8 &#8211; heriblandt Skanderborg S\u00f8.<\/p>\n<p>Hvis man \u00f8nsker at l\u00e5ne en b\u00e5d kontakter man en af de b\u00e5dansvarlige.<\/p>\n<p>Christian Svenninnggaard Kjeldsen: 28 55 65 50<br \/>\nTonny Jensen: 20 11 51 74<\/p>\n<figure id=\"attachment_175\" aria-describedby=\"caption-attachment-175\" style=\"width: 300px\" class=\"wp-caption aligncenter\"><a href=\"https:\/\/lystfiskerforening.dk\/wp-content\/uploads\/2017\/11\/i281756464604445742._szw1280h1280_.jpg\"><img loading=\"lazy\" decoding=\"async\" class=\"size-medium wp-image-175\" src=\"https:\/\/lystfiskerforening.dk\/wp-content\/uploads\/2017\/11\/i281756464604445742._szw1280h1280_-300x225.jpg\" alt=\"\" width=\"300\" height=\"225\" srcset=\"https:\/\/lystfiskerforening.dk\/wp-content\/uploads\/2017\/11\/i281756464604445742._szw1280h1280_-300x225.jpg 300w, https:\/\/lystfiskerforening.dk\/wp-content\/uploads\/2017\/11\/i281756464604445742._szw1280h1280_-410x308.jpg 410w, https:\/\/lystfiskerforening.dk\/wp-content\/uploads\/2017\/11\/i281756464604445742._szw1280h1280_-100x75.jpg 100w, https:\/\/lystfiskerforening.dk\/wp-content\/uploads\/2017\/11\/i281756464604445742._szw1280h1280_-275x206.jpg 275w, https:\/\/lystfiskerforening.dk\/wp-content\/uploads\/2017\/11\/i281756464604445742._szw1280h1280_.jpg 425w\" sizes=\"auto, (max-width: 300px) 100vw, 300px\" \/><\/a><figcaption id=\"caption-attachment-175\" class=\"wp-caption-text\">En af OSF\u00b4s tidligere b\u00e5de<\/figcaption><\/figure>\n<h4>Skanderborg s\u00f8<\/h4>\n<p>Udover vores egne b\u00e5de har medlemmer af OSF i form af vores samarbejde med Skanderborg Lystfiskerforening ogs\u00e5 mulighed for, at kunne leje en b\u00e5d ved Skanderborg s\u00f8.<\/p>\n<p>B\u00e5den der kan lejes ved Skanderborg s\u00f8 har b\u00e5de el- og benzinmotor. Samtidig er den udstyret med ekkolod. Det koster 50kr at leje b\u00e5den igennem Skanderborg Lystfiskerforening.<\/p>\n<p>\u00d8nsker man at leje deres b\u00e5d kan man kontakte;<\/p>\n<p>Lennart Frederiksen 41 97 45 56 eller Niels Otto Madsen 40 42 81 06<\/p>\n","protected":false},"excerpt":{"rendered":"<p>Information om OSF\u00b4s b\u00e5de og l\u00e5ne muligheder: I foreningen har vi en jolle p\u00e5 trailer til r\u00e5dighed. Den er klar til afhentning og kan benyttes b\u00e5de p\u00e5 kysten og i s\u00f8 &#8211; heriblandt Skanderborg S\u00f8. Hvis man \u00f8nsker at l\u00e5ne en b\u00e5d kontakter man en af de b\u00e5dansvarlige. Christian Svenninnggaard Kjeldsen: 28 55 65 50 [&hellip;]<\/p>\n","protected":false},"author":1,"featured_media":175,"parent":0,"menu_order":0,"comment_status":"closed","ping_status":"closed","template":"","meta":{"footnotes":""},"class_list":["post-171","page","type-page","status-publish","has-post-thumbnail","hentry"],"yoast_head":"<!-- This site is optimized with the Yoast SEO plugin v27.3 - https:\/\/yoast.com\/product\/yoast-seo-wordpress\/ -->\n<title>L\u00e5n en b\u00e5d - Odder Sportsfiskerforening<\/title>\n<meta name=\"robots\" content=\"index, follow, max-snippet:-1, max-image-preview:large, max-video-preview:-1\" \/>\n<link rel=\"canonical\" href=\"https:\/\/lystfiskerforening.dk\/?page_id=171\" \/>\n<meta property=\"og:locale\" content=\"da_DK\" \/>\n<meta property=\"og:type\" content=\"article\" \/>\n<meta property=\"og:title\" content=\"L\u00e5n en b\u00e5d - Odder Sportsfiskerforening\" \/>\n<meta property=\"og:description\" content=\"Information om OSF\u00b4s b\u00e5de og l\u00e5ne muligheder: I foreningen har vi en jolle p\u00e5 trailer til r\u00e5dighed. Den er klar til afhentning og kan benyttes b\u00e5de p\u00e5 kysten og i s\u00f8 &#8211; heriblandt Skanderborg S\u00f8. Hvis man \u00f8nsker at l\u00e5ne en b\u00e5d kontakter man en af de b\u00e5dansvarlige. Christian Svenninnggaard Kjeldsen: 28 55 65 50 [&hellip;]\" \/>\n<meta property=\"og:url\" content=\"https:\/\/lystfiskerforening.dk\/?page_id=171\" \/>\n<meta property=\"og:site_name\" content=\"Odder Sportsfiskerforening\" \/>\n<meta property=\"article:publisher\" content=\"https:\/\/www.facebook.com\/odderfisker\/\" \/>\n<meta property=\"article:modified_time\" content=\"2022-02-26T01:02:00+00:00\" \/>\n<meta property=\"og:image\" content=\"https:\/\/lystfiskerforening.dk\/wp-content\/uploads\/2017\/11\/i281756464604445742._szw1280h1280_.jpg\" \/>\n\t<meta property=\"og:image:width\" content=\"425\" \/>\n\t<meta property=\"og:image:height\" content=\"319\" \/>\n\t<meta property=\"og:image:type\" content=\"image\/jpeg\" \/>\n<meta name=\"twitter:card\" content=\"summary_large_image\" \/>\n<meta name=\"twitter:label1\" content=\"Estimeret l\u00e6setid\" \/>\n\t<meta name=\"twitter:data1\" content=\"2 minutter\" \/>\n<script type=\"application\/ld+json\" class=\"yoast-schema-graph\">{\"@context\":\"https:\\\/\\\/schema.org\",\"@graph\":[{\"@type\":\"WebPage\",\"@id\":\"https:\\\/\\\/lystfiskerforening.dk\\\/?page_id=171\",\"url\":\"https:\\\/\\\/lystfiskerforening.dk\\\/?page_id=171\",\"name\":\"L\u00e5n en b\u00e5d - Odder Sportsfiskerforening\",\"isPartOf\":{\"@id\":\"https:\\\/\\\/lystfiskerforening.dk\\\/#website\"},\"primaryImageOfPage\":{\"@id\":\"https:\\\/\\\/lystfiskerforening.dk\\\/?page_id=171#primaryimage\"},\"image\":{\"@id\":\"https:\\\/\\\/lystfiskerforening.dk\\\/?page_id=171#primaryimage\"},\"thumbnailUrl\":\"https:\\\/\\\/lystfiskerforening.dk\\\/wp-content\\\/uploads\\\/2017\\\/11\\\/i281756464604445742._szw1280h1280_.jpg\",\"datePublished\":\"2017-11-18T23:18:02+00:00\",\"dateModified\":\"2022-02-26T01:02:00+00:00\",\"breadcrumb\":{\"@id\":\"https:\\\/\\\/lystfiskerforening.dk\\\/?page_id=171#breadcrumb\"},\"inLanguage\":\"da-DK\",\"potentialAction\":[{\"@type\":\"ReadAction\",\"target\":[\"https:\\\/\\\/lystfiskerforening.dk\\\/?page_id=171\"]}]},{\"@type\":\"ImageObject\",\"inLanguage\":\"da-DK\",\"@id\":\"https:\\\/\\\/lystfiskerforening.dk\\\/?page_id=171#primaryimage\",\"url\":\"https:\\\/\\\/lystfiskerforening.dk\\\/wp-content\\\/uploads\\\/2017\\\/11\\\/i281756464604445742._szw1280h1280_.jpg\",\"contentUrl\":\"https:\\\/\\\/lystfiskerforening.dk\\\/wp-content\\\/uploads\\\/2017\\\/11\\\/i281756464604445742._szw1280h1280_.jpg\",\"width\":425,\"height\":319,\"caption\":\"En af OSF\u00b4s B\u00e5de\"},{\"@type\":\"BreadcrumbList\",\"@id\":\"https:\\\/\\\/lystfiskerforening.dk\\\/?page_id=171#breadcrumb\",\"itemListElement\":[{\"@type\":\"ListItem\",\"position\":1,\"name\":\"Hjem\",\"item\":\"https:\\\/\\\/lystfiskerforening.dk\\\/\"},{\"@type\":\"ListItem\",\"position\":2,\"name\":\"L\u00e5n en b\u00e5d\"}]},{\"@type\":\"WebSite\",\"@id\":\"https:\\\/\\\/lystfiskerforening.dk\\\/#website\",\"url\":\"https:\\\/\\\/lystfiskerforening.dk\\\/\",\"name\":\"Odder Sportsfiskerforening\",\"description\":\"Stiftet i 1945\",\"potentialAction\":[{\"@type\":\"SearchAction\",\"target\":{\"@type\":\"EntryPoint\",\"urlTemplate\":\"https:\\\/\\\/lystfiskerforening.dk\\\/?s={search_term_string}\"},\"query-input\":{\"@type\":\"PropertyValueSpecification\",\"valueRequired\":true,\"valueName\":\"search_term_string\"}}],\"inLanguage\":\"da-DK\"}]}<\/script>\n<!-- \/ Yoast SEO plugin. -->","yoast_head_json":{"title":"L\u00e5n en b\u00e5d - Odder Sportsfiskerforening","robots":{"index":"index","follow":"follow","max-snippet":"max-snippet:-1","max-image-preview":"max-image-preview:large","max-video-preview":"max-video-preview:-1"},"canonical":"https:\/\/lystfiskerforening.dk\/?page_id=171","og_locale":"da_DK","og_type":"article","og_title":"L\u00e5n en b\u00e5d - Odder Sportsfiskerforening","og_description":"Information om OSF\u00b4s b\u00e5de og l\u00e5ne muligheder: I foreningen har vi en jolle p\u00e5 trailer til r\u00e5dighed. Den er klar til afhentning og kan benyttes b\u00e5de p\u00e5 kysten og i s\u00f8 &#8211; heriblandt Skanderborg S\u00f8. Hvis man \u00f8nsker at l\u00e5ne en b\u00e5d kontakter man en af de b\u00e5dansvarlige. Christian Svenninnggaard Kjeldsen: 28 55 65 50 [&hellip;]","og_url":"https:\/\/lystfiskerforening.dk\/?page_id=171","og_site_name":"Odder Sportsfiskerforening","article_publisher":"https:\/\/www.facebook.com\/odderfisker\/","article_modified_time":"2022-02-26T01:02:00+00:00","og_image":[{"width":425,"height":319,"url":"https:\/\/lystfiskerforening.dk\/wp-content\/uploads\/2017\/11\/i281756464604445742._szw1280h1280_.jpg","type":"image\/jpeg"}],"twitter_card":"summary_large_image","twitter_misc":{"Estimeret l\u00e6setid":"2 minutter"},"schema":{"@context":"https:\/\/schema.org","@graph":[{"@type":"WebPage","@id":"https:\/\/lystfiskerforening.dk\/?page_id=171","url":"https:\/\/lystfiskerforening.dk\/?page_id=171","name":"L\u00e5n en b\u00e5d - Odder Sportsfiskerforening","isPartOf":{"@id":"https:\/\/lystfiskerforening.dk\/#website"},"primaryImageOfPage":{"@id":"https:\/\/lystfiskerforening.dk\/?page_id=171#primaryimage"},"image":{"@id":"https:\/\/lystfiskerforening.dk\/?page_id=171#primaryimage"},"thumbnailUrl":"https:\/\/lystfiskerforening.dk\/wp-content\/uploads\/2017\/11\/i281756464604445742._szw1280h1280_.jpg","datePublished":"2017-11-18T23:18:02+00:00","dateModified":"2022-02-26T01:02:00+00:00","breadcrumb":{"@id":"https:\/\/lystfiskerforening.dk\/?page_id=171#breadcrumb"},"inLanguage":"da-DK","potentialAction":[{"@type":"ReadAction","target":["https:\/\/lystfiskerforening.dk\/?page_id=171"]}]},{"@type":"ImageObject","inLanguage":"da-DK","@id":"https:\/\/lystfiskerforening.dk\/?page_id=171#primaryimage","url":"https:\/\/lystfiskerforening.dk\/wp-content\/uploads\/2017\/11\/i281756464604445742._szw1280h1280_.jpg","contentUrl":"https:\/\/lystfiskerforening.dk\/wp-content\/uploads\/2017\/11\/i281756464604445742._szw1280h1280_.jpg","width":425,"height":319,"caption":"En af OSF\u00b4s B\u00e5de"},{"@type":"BreadcrumbList","@id":"https:\/\/lystfiskerforening.dk\/?page_id=171#breadcrumb","itemListElement":[{"@type":"ListItem","position":1,"name":"Hjem","item":"https:\/\/lystfiskerforening.dk\/"},{"@type":"ListItem","position":2,"name":"L\u00e5n en b\u00e5d"}]},{"@type":"WebSite","@id":"https:\/\/lystfiskerforening.dk\/#website","url":"https:\/\/lystfiskerforening.dk\/","name":"Odder Sportsfiskerforening","description":"Stiftet i 1945","potentialAction":[{"@type":"SearchAction","target":{"@type":"EntryPoint","urlTemplate":"https:\/\/lystfiskerforening.dk\/?s={search_term_string}"},"query-input":{"@type":"PropertyValueSpecification","valueRequired":true,"valueName":"search_term_string"}}],"inLanguage":"da-DK"}]}},"_links":{"self":[{"href":"https:\/\/lystfiskerforening.dk\/index.php?rest_route=\/wp\/v2\/pages\/171","targetHints":{"allow":["GET"]}}],"collection":[{"href":"https:\/\/lystfiskerforening.dk\/index.php?rest_route=\/wp\/v2\/pages"}],"about":[{"href":"https:\/\/lystfiskerforening.dk\/index.php?rest_route=\/wp\/v2\/types\/page"}],"author":[{"embeddable":true,"href":"https:\/\/lystfiskerforening.dk\/index.php?rest_route=\/wp\/v2\/users\/1"}],"replies":[{"embeddable":true,"href":"https:\/\/lystfiskerforening.dk\/index.php?rest_route=%2Fwp%2Fv2%2Fcomments&post=171"}],"version-history":[{"count":7,"href":"https:\/\/lystfiskerforening.dk\/index.php?rest_route=\/wp\/v2\/pages\/171\/revisions"}],"predecessor-version":[{"id":18869,"href":"https:\/\/lystfiskerforening.dk\/index.php?rest_route=\/wp\/v2\/pages\/171\/revisions\/18869"}],"wp:featuredmedia":[{"embeddable":true,"href":"https:\/\/lystfiskerforening.dk\/index.php?rest_route=\/wp\/v2\/media\/175"}],"wp:attachment":[{"href":"https:\/\/lystfiskerforening.dk\/index.php?rest_route=%2Fwp%2Fv2%2Fmedia&parent=171"}],"curies":[{"name":"wp","href":"https:\/\/api.w.org\/{rel}","templated":true}]}}