{"id":161,"date":"2017-11-18T23:50:28","date_gmt":"2017-11-18T22:50:28","guid":{"rendered":"http:\/\/lystfiskerforening.dk\/?page_id=161"},"modified":"2025-02-18T22:35:08","modified_gmt":"2025-02-18T21:35:08","slug":"fiskevand-odder-aa","status":"publish","type":"page","link":"https:\/\/lystfiskerforening.dk\/?page_id=161","title":{"rendered":"Fiskevand &#8211; Odder \u00c5\/R\u00e6vs \u00c5"},"content":{"rendered":"\n<div style=\"height:45px\" aria-hidden=\"true\" class=\"wp-block-spacer\"><\/div>\n\n\n\n<figure class=\"wp-block-table\"><table class=\"has-fixed-layout\"><tbody><tr><td colspan=\"2\"><strong>Information<\/strong><\/td><\/tr><tr><td><strong>Fredningstider:<\/strong><\/td><td>Fra og med 1. november til og med 1. marts (begge dage inkl)<\/td><\/tr><tr><td><strong>Mindstem\u00e5l:<\/strong><\/td><td>B\u00e6k\u00f8rred &#8211; 40cm<\/td><\/tr><tr><td><strong>&nbsp;<\/strong><\/td><td>Hav\u00f8rred &#8211; 40cm<\/td><\/tr><tr><td><strong>&nbsp;<\/strong><\/td><td>\u00c5l &#8211; 45cm<\/td><\/tr><tr><td><strong>Fangstbegr\u00e6nsning:<\/strong><\/td><td>3 \u00f8rreder pr. medlem \u2013 pr. \u00e5r<\/td><\/tr><tr><td><strong>Udstyr:<\/strong><\/td><td>Kroge til agnfiskeri skal v\u00e6re minimum st\u00f8rrelse 2\/0<\/td><\/tr><tr><td><strong>G\u00e6stekort:<\/strong><\/td><td>Max 3 pr. seniormedlem pr. \u00e5r &#8211; Kontakt kasseren for kort.<\/td><\/tr><\/tbody><\/table><\/figure>\n\n\n\n<p><strong>BEM\u00c6RK &#8211; Parkering p\u00e5 det yderste stykke IKKE er tilladt fra 2024 &#8211; Se nyt opdateret kort for 2024<\/strong><\/p>\n\n\n\n<div style=\"height:100px\" aria-hidden=\"true\" class=\"wp-block-spacer\"><\/div>\n\n\n\n<h5 class=\"wp-block-heading\">Interaktivt for over Odder \u00c5\/R\u00e6vs \u00c5:<\/h5>\n\n\n\n<p><iframe loading=\"lazy\" src=\"https:\/\/www.google.com\/maps\/d\/u\/0\/embed?mid=14Ys6g--NJAt9xipeQuG_JdCLjTHOL587\" width=\"640\" height=\"480\"><\/iframe><br><em>Google Maps mangler fortsat at opdatere sig til de faktisk forhold efter genslyngning af Odder \u00c5, se evt PDF for faktiske forhold.<br>Farverne R\u00f8d og Gr\u00f8n indikere hvor der m\u00e5 fiskes.<\/em><\/p>\n\n\n\n<p>Gul = der m\u00e5 fiskes p\u00e5 denne side af \u00e5en.<\/p>\n\n\n\n<p><span style=\"color: #ff0000;\">R\u00f8d<\/span> = Her m\u00e5 der ikke fiskes.<\/p>\n\n\n\n<div style=\"height:45px\" aria-hidden=\"true\" class=\"wp-block-spacer\"><\/div>\n\n\n\n<h3 class=\"wp-block-heading\"><strong>Parkering<\/strong><\/h3>\n\n\n\n<p><strong><em>1. Assedrup By v\/broen<\/em><\/strong><\/p>\n\n\n\n<ul class=\"wp-block-list\">\n<li>Parkering kan ske langs vejen eller ved brug af parkeringspladsen langs driften (vejen)<\/li>\n\n\n\n<li>Bruger man parkeringspladsen ved Driften, SKAL der altid v\u00e6re en ledig P-plads.<\/li>\n\n\n\n<li>N\u00e5r andejagten starter til september, m\u00e5 man ikke genere ande-j\u00e6gerne, der ligger p\u00e5 stand fra broen og ud til hvor reservatet starter.<\/li>\n\n\n\n<li>Omr\u00e5det skal forlades en halv time f\u00f8r solnedgang i perioden fra 1. september &#8211; 1. November<\/li>\n<\/ul>\n\n\n\n<p><strong><em>2. Krageb\u00e6kvej<\/em><\/strong><\/p>\n\n\n\n<ul class=\"wp-block-list\">\n<li>Her k\u00f8res der over ved baneoversk\u00e6ringen og parkeres p\u00e5 gr\u00e6sarealet ved markeringen p\u00e5 kortet.<\/li>\n\n\n\n<li>Der m\u00e5 parkeres p\u00e5 den nordlige side af vejen.<\/li>\n\n\n\n<li>Vejen skal altid fremst\u00e5 farbar for langbrugsmaskiner da Arne Mathiasens firma benytter denne til transport. (dvs. parkering sker p\u00e5 gr\u00e6sset &#8211; ikke p\u00e5 vejen.)<\/li>\n<\/ul>\n\n\n\n<p><strong><em>3. P\u00f8elgaardsvej 21<\/em><\/strong><\/p>\n\n\n\n<ul class=\"wp-block-list\">\n<li>Kun parkering langs tr\u00e6erne foran huset<\/li>\n\n\n\n<li>Max parkering af 3 biler<\/li>\n\n\n\n<li>der <strong>SKAL<\/strong> sendes en sms til Ketty (ejeren) i forbindelse med parkering for kendskab herom. SMS sendes til: 23 62 49 66<\/li>\n\n\n\n<li>Ejeren modtager gerne ved lejlighed en madfisk.<\/li>\n<\/ul>\n\n\n\n<div style=\"height:45px\" aria-hidden=\"true\" class=\"wp-block-spacer\"><\/div>\n\n\n\n<p>Kortet i PDF\u00b4en beskriver forholdene og har opdelt fiskevandet i 3 detaljekort. <\/p>\n\n\n\n<p>F\u00f8lgende PDF fil kan ogs\u00e5 downloades. Herefter kan PDF fil enten printes, hentes til mobiltelefonen til orientering p\u00e5 turen eller blot til at studere fiskevandet hjemmefra.<\/p>\n\n\n\n<div data-wp-interactive=\"core\/file\" class=\"wp-block-file\"><object data-wp-bind--hidden=\"!state.hasPdfPreview\" hidden class=\"wp-block-file__embed\" data=\"https:\/\/lystfiskerforening.dk\/wp-content\/uploads\/2024\/03\/OSF_Oversigtskort_Fiskevand_2024.pdf\" type=\"application\/pdf\" style=\"width:100%;height:600px\" aria-label=\"Embed OSF_Oversigtskort_Fiskevand_2024.\"><\/object><a id=\"wp-block-file--media-186b71e4-d2b7-4746-94c8-79d725b45104\" href=\"https:\/\/lystfiskerforening.dk\/wp-content\/uploads\/2024\/03\/OSF_Oversigtskort_Fiskevand_2024.pdf\">OSF_Oversigtskort_Fiskevand_2024<\/a><a href=\"https:\/\/lystfiskerforening.dk\/wp-content\/uploads\/2024\/03\/OSF_Oversigtskort_Fiskevand_2024.pdf\" class=\"wp-block-file__button wp-element-button\" download aria-describedby=\"wp-block-file--media-186b71e4-d2b7-4746-94c8-79d725b45104\">Download<\/a><\/div>\n","protected":false},"excerpt":{"rendered":"<p>Information Fredningstider: Fra og med 1. november til og med 1. marts (begge dage inkl) Mindstem\u00e5l: B\u00e6k\u00f8rred &#8211; 40cm &nbsp; Hav\u00f8rred &#8211; 40cm &nbsp; \u00c5l &#8211; 45cm Fangstbegr\u00e6nsning: 3 \u00f8rreder pr. medlem \u2013 pr. \u00e5r Udstyr: Kroge til agnfiskeri skal v\u00e6re minimum st\u00f8rrelse 2\/0 G\u00e6stekort: Max 3 pr. seniormedlem pr. \u00e5r &#8211; Kontakt kasseren for [&hellip;]<\/p>\n","protected":false},"author":1,"featured_media":3050,"parent":0,"menu_order":0,"comment_status":"closed","ping_status":"closed","template":"","meta":{"footnotes":""},"class_list":["post-161","page","type-page","status-publish","has-post-thumbnail","hentry"],"yoast_head":"<!-- This site is optimized with the Yoast SEO plugin v27.5 - https:\/\/yoast.com\/product\/yoast-seo-wordpress\/ -->\n<title>Fiskevand - Odder \u00c5\/R\u00e6vs \u00c5 - Odder Sportsfiskerforening<\/title>\n<meta name=\"robots\" content=\"index, follow, max-snippet:-1, max-image-preview:large, max-video-preview:-1\" \/>\n<link rel=\"canonical\" href=\"https:\/\/lystfiskerforening.dk\/?page_id=161\" \/>\n<meta property=\"og:locale\" content=\"da_DK\" \/>\n<meta property=\"og:type\" content=\"article\" \/>\n<meta property=\"og:title\" content=\"Fiskevand - Odder \u00c5\/R\u00e6vs \u00c5 - Odder Sportsfiskerforening\" \/>\n<meta property=\"og:description\" content=\"Information Fredningstider: Fra og med 1. november til og med 1. marts (begge dage inkl) Mindstem\u00e5l: B\u00e6k\u00f8rred &#8211; 40cm &nbsp; Hav\u00f8rred &#8211; 40cm &nbsp; \u00c5l &#8211; 45cm Fangstbegr\u00e6nsning: 3 \u00f8rreder pr. medlem \u2013 pr. \u00e5r Udstyr: Kroge til agnfiskeri skal v\u00e6re minimum st\u00f8rrelse 2\/0 G\u00e6stekort: Max 3 pr. seniormedlem pr. \u00e5r &#8211; Kontakt kasseren for [&hellip;]\" \/>\n<meta property=\"og:url\" content=\"https:\/\/lystfiskerforening.dk\/?page_id=161\" \/>\n<meta property=\"og:site_name\" content=\"Odder Sportsfiskerforening\" \/>\n<meta property=\"article:publisher\" content=\"https:\/\/www.facebook.com\/odderfisker\/\" \/>\n<meta property=\"article:modified_time\" content=\"2025-02-18T21:35:08+00:00\" \/>\n<meta property=\"og:image\" content=\"https:\/\/lystfiskerforening.dk\/wp-content\/uploads\/2018\/02\/image.png\" \/>\n\t<meta property=\"og:image:width\" content=\"642\" \/>\n\t<meta property=\"og:image:height\" content=\"528\" \/>\n\t<meta property=\"og:image:type\" content=\"image\/png\" \/>\n<meta name=\"twitter:card\" content=\"summary_large_image\" \/>\n<meta name=\"twitter:label1\" content=\"Estimeret l\u00e6setid\" \/>\n\t<meta name=\"twitter:data1\" content=\"2 minutter\" \/>\n<script type=\"application\/ld+json\" class=\"yoast-schema-graph\">{\"@context\":\"https:\\\/\\\/schema.org\",\"@graph\":[{\"@type\":\"WebPage\",\"@id\":\"https:\\\/\\\/lystfiskerforening.dk\\\/?page_id=161\",\"url\":\"https:\\\/\\\/lystfiskerforening.dk\\\/?page_id=161\",\"name\":\"Fiskevand - Odder \u00c5\\\/R\u00e6vs \u00c5 - Odder Sportsfiskerforening\",\"isPartOf\":{\"@id\":\"https:\\\/\\\/lystfiskerforening.dk\\\/#website\"},\"primaryImageOfPage\":{\"@id\":\"https:\\\/\\\/lystfiskerforening.dk\\\/?page_id=161#primaryimage\"},\"image\":{\"@id\":\"https:\\\/\\\/lystfiskerforening.dk\\\/?page_id=161#primaryimage\"},\"thumbnailUrl\":\"https:\\\/\\\/lystfiskerforening.dk\\\/wp-content\\\/uploads\\\/2018\\\/02\\\/image.png\",\"datePublished\":\"2017-11-18T22:50:28+00:00\",\"dateModified\":\"2025-02-18T21:35:08+00:00\",\"breadcrumb\":{\"@id\":\"https:\\\/\\\/lystfiskerforening.dk\\\/?page_id=161#breadcrumb\"},\"inLanguage\":\"da-DK\",\"potentialAction\":[{\"@type\":\"ReadAction\",\"target\":[\"https:\\\/\\\/lystfiskerforening.dk\\\/?page_id=161\"]}]},{\"@type\":\"ImageObject\",\"inLanguage\":\"da-DK\",\"@id\":\"https:\\\/\\\/lystfiskerforening.dk\\\/?page_id=161#primaryimage\",\"url\":\"https:\\\/\\\/lystfiskerforening.dk\\\/wp-content\\\/uploads\\\/2018\\\/02\\\/image.png\",\"contentUrl\":\"https:\\\/\\\/lystfiskerforening.dk\\\/wp-content\\\/uploads\\\/2018\\\/02\\\/image.png\",\"width\":\"642\",\"height\":\"528\"},{\"@type\":\"BreadcrumbList\",\"@id\":\"https:\\\/\\\/lystfiskerforening.dk\\\/?page_id=161#breadcrumb\",\"itemListElement\":[{\"@type\":\"ListItem\",\"position\":1,\"name\":\"Hjem\",\"item\":\"https:\\\/\\\/lystfiskerforening.dk\\\/\"},{\"@type\":\"ListItem\",\"position\":2,\"name\":\"Fiskevand &#8211; Odder \u00c5\\\/R\u00e6vs \u00c5\"}]},{\"@type\":\"WebSite\",\"@id\":\"https:\\\/\\\/lystfiskerforening.dk\\\/#website\",\"url\":\"https:\\\/\\\/lystfiskerforening.dk\\\/\",\"name\":\"Odder Sportsfiskerforening\",\"description\":\"Stiftet i 1945\",\"potentialAction\":[{\"@type\":\"SearchAction\",\"target\":{\"@type\":\"EntryPoint\",\"urlTemplate\":\"https:\\\/\\\/lystfiskerforening.dk\\\/?s={search_term_string}\"},\"query-input\":{\"@type\":\"PropertyValueSpecification\",\"valueRequired\":true,\"valueName\":\"search_term_string\"}}],\"inLanguage\":\"da-DK\"}]}<\/script>\n<!-- \/ Yoast SEO plugin. -->","yoast_head_json":{"title":"Fiskevand - Odder \u00c5\/R\u00e6vs \u00c5 - Odder Sportsfiskerforening","robots":{"index":"index","follow":"follow","max-snippet":"max-snippet:-1","max-image-preview":"max-image-preview:large","max-video-preview":"max-video-preview:-1"},"canonical":"https:\/\/lystfiskerforening.dk\/?page_id=161","og_locale":"da_DK","og_type":"article","og_title":"Fiskevand - Odder \u00c5\/R\u00e6vs \u00c5 - Odder Sportsfiskerforening","og_description":"Information Fredningstider: Fra og med 1. november til og med 1. marts (begge dage inkl) Mindstem\u00e5l: B\u00e6k\u00f8rred &#8211; 40cm &nbsp; Hav\u00f8rred &#8211; 40cm &nbsp; \u00c5l &#8211; 45cm Fangstbegr\u00e6nsning: 3 \u00f8rreder pr. medlem \u2013 pr. \u00e5r Udstyr: Kroge til agnfiskeri skal v\u00e6re minimum st\u00f8rrelse 2\/0 G\u00e6stekort: Max 3 pr. seniormedlem pr. \u00e5r &#8211; Kontakt kasseren for [&hellip;]","og_url":"https:\/\/lystfiskerforening.dk\/?page_id=161","og_site_name":"Odder Sportsfiskerforening","article_publisher":"https:\/\/www.facebook.com\/odderfisker\/","article_modified_time":"2025-02-18T21:35:08+00:00","og_image":[{"width":642,"height":528,"url":"https:\/\/lystfiskerforening.dk\/wp-content\/uploads\/2018\/02\/image.png","type":"image\/png"}],"twitter_card":"summary_large_image","twitter_misc":{"Estimeret l\u00e6setid":"2 minutter"},"schema":{"@context":"https:\/\/schema.org","@graph":[{"@type":"WebPage","@id":"https:\/\/lystfiskerforening.dk\/?page_id=161","url":"https:\/\/lystfiskerforening.dk\/?page_id=161","name":"Fiskevand - Odder \u00c5\/R\u00e6vs \u00c5 - Odder Sportsfiskerforening","isPartOf":{"@id":"https:\/\/lystfiskerforening.dk\/#website"},"primaryImageOfPage":{"@id":"https:\/\/lystfiskerforening.dk\/?page_id=161#primaryimage"},"image":{"@id":"https:\/\/lystfiskerforening.dk\/?page_id=161#primaryimage"},"thumbnailUrl":"https:\/\/lystfiskerforening.dk\/wp-content\/uploads\/2018\/02\/image.png","datePublished":"2017-11-18T22:50:28+00:00","dateModified":"2025-02-18T21:35:08+00:00","breadcrumb":{"@id":"https:\/\/lystfiskerforening.dk\/?page_id=161#breadcrumb"},"inLanguage":"da-DK","potentialAction":[{"@type":"ReadAction","target":["https:\/\/lystfiskerforening.dk\/?page_id=161"]}]},{"@type":"ImageObject","inLanguage":"da-DK","@id":"https:\/\/lystfiskerforening.dk\/?page_id=161#primaryimage","url":"https:\/\/lystfiskerforening.dk\/wp-content\/uploads\/2018\/02\/image.png","contentUrl":"https:\/\/lystfiskerforening.dk\/wp-content\/uploads\/2018\/02\/image.png","width":"642","height":"528"},{"@type":"BreadcrumbList","@id":"https:\/\/lystfiskerforening.dk\/?page_id=161#breadcrumb","itemListElement":[{"@type":"ListItem","position":1,"name":"Hjem","item":"https:\/\/lystfiskerforening.dk\/"},{"@type":"ListItem","position":2,"name":"Fiskevand &#8211; Odder \u00c5\/R\u00e6vs \u00c5"}]},{"@type":"WebSite","@id":"https:\/\/lystfiskerforening.dk\/#website","url":"https:\/\/lystfiskerforening.dk\/","name":"Odder Sportsfiskerforening","description":"Stiftet i 1945","potentialAction":[{"@type":"SearchAction","target":{"@type":"EntryPoint","urlTemplate":"https:\/\/lystfiskerforening.dk\/?s={search_term_string}"},"query-input":{"@type":"PropertyValueSpecification","valueRequired":true,"valueName":"search_term_string"}}],"inLanguage":"da-DK"}]}},"_links":{"self":[{"href":"https:\/\/lystfiskerforening.dk\/index.php?rest_route=\/wp\/v2\/pages\/161","targetHints":{"allow":["GET"]}}],"collection":[{"href":"https:\/\/lystfiskerforening.dk\/index.php?rest_route=\/wp\/v2\/pages"}],"about":[{"href":"https:\/\/lystfiskerforening.dk\/index.php?rest_route=\/wp\/v2\/types\/page"}],"author":[{"embeddable":true,"href":"https:\/\/lystfiskerforening.dk\/index.php?rest_route=\/wp\/v2\/users\/1"}],"replies":[{"embeddable":true,"href":"https:\/\/lystfiskerforening.dk\/index.php?rest_route=%2Fwp%2Fv2%2Fcomments&post=161"}],"version-history":[{"count":29,"href":"https:\/\/lystfiskerforening.dk\/index.php?rest_route=\/wp\/v2\/pages\/161\/revisions"}],"predecessor-version":[{"id":19547,"href":"https:\/\/lystfiskerforening.dk\/index.php?rest_route=\/wp\/v2\/pages\/161\/revisions\/19547"}],"wp:featuredmedia":[{"embeddable":true,"href":"https:\/\/lystfiskerforening.dk\/index.php?rest_route=\/wp\/v2\/media\/3050"}],"wp:attachment":[{"href":"https:\/\/lystfiskerforening.dk\/index.php?rest_route=%2Fwp%2Fv2%2Fmedia&parent=161"}],"curies":[{"name":"wp","href":"https:\/\/api.w.org\/{rel}","templated":true}]}}